{"id":19672,"date":"2025-08-18T16:06:37","date_gmt":"2025-08-18T14:06:37","guid":{"rendered":"https:\/\/www.agraritaeten-shop.com\/?post_type=product&#038;p=19672"},"modified":"2026-02-28T20:06:06","modified_gmt":"2026-02-28T19:06:06","slug":"mengele-prospekt-haeckselkette-2","status":"publish","type":"product","link":"https:\/\/www.agraritaeten-shop.com\/en\/shop\/prospekte\/prospekte_mengele\/mengele-prospekt-haeckselkette-2\/","title":{"rendered":"MENGELE Prospekt H\u00e4ckselkette"},"content":{"rendered":"<h1><strong>original brochure<\/strong><\/h1>\n<h2>MENGELE H\u00e4ckselkette<br \/>\n<span style=\"font-size: 75%;\">Mais-Blitz, Kolbenpfl\u00fcckschroter, Feldh\u00e4cksler, H\u00e4cksel-Ladewagen, Automatik-wagen, Abladegebl\u00e4se, Silofr\u00e4se, F\u00fctterungswagen<br \/>\nVertrieb: Wilhelm MAYER<\/span><\/h2>\n<ul>\n<li>A4 format<\/li>\n<li>8 pages, fold-out<\/li>\n<li>German<\/li>\n<li>punched<\/li>\n<li>used<\/li>\n<li>very good condition<\/li>\n<li>100% original<\/li>\n<li>Print No.: <em>LP 60\/15\/174 MA<\/em><\/li>\n<\/ul>","protected":false},"excerpt":{"rendered":"<p>original Prospekt MENGELE H\u00e4ckselkette Mais-Blitz, Kolbenpfl\u00fcckschroter, Feldh\u00e4cksler, H\u00e4cksel-Ladewagen, Automatik-wagen, Abladegebl\u00e4se, Silofr\u00e4se, F\u00fctterungswagen Vertrieb: Wilhelm MAYER A4 Format 8 Seiten ausklappbar Deutsch gelocht gebraucht sehr guter Zustand 100% original DruckNr. LP 60\/15\/174 MA<\/p>","protected":false},"featured_media":19609,"template":"","meta":[],"product_brand":[],"product_cat":[127,157,45],"product_tag":[2347,2973,445,2974,2972,2959,2971,2245,1582,186,2105],"class_list":{"0":"post-19672","1":"product","2":"type-product","3":"status-publish","4":"has-post-thumbnail","6":"product_cat-mengele","7":"product_cat-prospekte_mengele","8":"product_cat-prospekte","9":"product_tag-abladegeblaese","10":"product_tag-automatik-wagen","11":"product_tag-feldhaecksler","12":"product_tag-fuetterungswagen","13":"product_tag-haecksel-ladewagen","14":"product_tag-haeckselkette","15":"product_tag-kolbenpflueckschroter","16":"product_tag-mais-blitz","17":"product_tag-mengele","18":"product_tag-prospekt","19":"product_tag-silofraese","21":"first","22":"instock","23":"shipping-taxable","24":"purchasable","25":"product-type-simple"},"_links":{"self":[{"href":"https:\/\/www.agraritaeten-shop.com\/en\/wp-json\/wp\/v2\/product\/19672","targetHints":{"allow":["GET"]}}],"collection":[{"href":"https:\/\/www.agraritaeten-shop.com\/en\/wp-json\/wp\/v2\/product"}],"about":[{"href":"https:\/\/www.agraritaeten-shop.com\/en\/wp-json\/wp\/v2\/types\/product"}],"wp:featuredmedia":[{"embeddable":true,"href":"https:\/\/www.agraritaeten-shop.com\/en\/wp-json\/wp\/v2\/media\/19609"}],"wp:attachment":[{"href":"https:\/\/www.agraritaeten-shop.com\/en\/wp-json\/wp\/v2\/media?parent=19672"}],"wp:term":[{"taxonomy":"product_brand","embeddable":true,"href":"https:\/\/www.agraritaeten-shop.com\/en\/wp-json\/wp\/v2\/product_brand?post=19672"},{"taxonomy":"product_cat","embeddable":true,"href":"https:\/\/www.agraritaeten-shop.com\/en\/wp-json\/wp\/v2\/product_cat?post=19672"},{"taxonomy":"product_tag","embeddable":true,"href":"https:\/\/www.agraritaeten-shop.com\/en\/wp-json\/wp\/v2\/product_tag?post=19672"}],"curies":[{"name":"wp","href":"https:\/\/api.w.org\/{rel}","templated":true}]}}