{"id":19685,"date":"2025-08-20T18:32:26","date_gmt":"2025-08-20T16:32:26","guid":{"rendered":"https:\/\/www.agraritaeten-shop.com\/?post_type=product&#038;p=19685"},"modified":"2025-08-18T18:34:47","modified_gmt":"2025-08-18T16:34:47","slug":"massey-ferguson-prospekt-programm-uebersicht-traktoren-und-landmaschinen","status":"publish","type":"product","link":"https:\/\/www.agraritaeten-shop.com\/en\/shop\/prospekte\/prospekte_massey_ferguson_harris\/massey-ferguson-prospekt-programm-uebersicht-traktoren-und-landmaschinen\/","title":{"rendered":"MASSEY-FERGUSON Prospekt Programm-\u00dcbersicht Traktoren und Landmaschinen"},"content":{"rendered":"<h1><strong>original brochure<br \/>\n<\/strong><\/h1>\n<h2>MASSEY-FERGUSON<br \/>\nProgramm-\u00dcbersicht Traktoren und Landmaschinen<br \/>\n<span style=\"font-size: 17.28px;\">Traktoren, Spezialtraktoren, Gro\u00dfballenpressen, Pfl\u00fcge, M\u00e4hdrescher, Lader, Feldh\u00e4cksler<\/span><\/h2>\n<ul>\n<li>A4 format<\/li>\n<li>12 pages<\/li>\n<li>German<\/li>\n<li>not punched<\/li>\n<li>used<\/li>\n<li>very good condition<\/li>\n<li>100% original<\/li>\n<\/ul>","protected":false},"excerpt":{"rendered":"<p>original Prospekt MASSEY-FERGUSON Programm-\u00dcbersicht Traktoren und Landmaschinen Traktoren, Spezialtraktoren, Gro\u00dfballenpressen, Pfl\u00fcge, M\u00e4hdrescher, Lader, Feldh\u00e4cksler A4 Format 12 Seiten Deutsch nicht gelocht gebraucht sehr guter Zustand 100% original<\/p>","protected":false},"featured_media":19625,"template":"","meta":[],"product_brand":[],"product_cat":[111,75,45],"product_tag":[445,296,1173,189,193,369,303,186,256,2979,249],"class_list":{"0":"post-19685","1":"product","2":"type-product","3":"status-publish","4":"has-post-thumbnail","6":"product_cat-prospekte_massey_ferguson_harris","7":"product_cat-massey-ferguson-harris","8":"product_cat-prospekte","9":"product_tag-feldhaecksler","10":"product_tag-grossballenpressen","11":"product_tag-lader","12":"product_tag-maehdrescher","13":"product_tag-massey-ferguson","14":"product_tag-pfluege","15":"product_tag-programm","16":"product_tag-prospekt","17":"product_tag-schlepper","18":"product_tag-spezialtraktoren","19":"product_tag-traktoren","21":"first","22":"instock","23":"shipping-taxable","24":"purchasable","25":"product-type-simple"},"_links":{"self":[{"href":"https:\/\/www.agraritaeten-shop.com\/en\/wp-json\/wp\/v2\/product\/19685","targetHints":{"allow":["GET"]}}],"collection":[{"href":"https:\/\/www.agraritaeten-shop.com\/en\/wp-json\/wp\/v2\/product"}],"about":[{"href":"https:\/\/www.agraritaeten-shop.com\/en\/wp-json\/wp\/v2\/types\/product"}],"wp:featuredmedia":[{"embeddable":true,"href":"https:\/\/www.agraritaeten-shop.com\/en\/wp-json\/wp\/v2\/media\/19625"}],"wp:attachment":[{"href":"https:\/\/www.agraritaeten-shop.com\/en\/wp-json\/wp\/v2\/media?parent=19685"}],"wp:term":[{"taxonomy":"product_brand","embeddable":true,"href":"https:\/\/www.agraritaeten-shop.com\/en\/wp-json\/wp\/v2\/product_brand?post=19685"},{"taxonomy":"product_cat","embeddable":true,"href":"https:\/\/www.agraritaeten-shop.com\/en\/wp-json\/wp\/v2\/product_cat?post=19685"},{"taxonomy":"product_tag","embeddable":true,"href":"https:\/\/www.agraritaeten-shop.com\/en\/wp-json\/wp\/v2\/product_tag?post=19685"}],"curies":[{"name":"wp","href":"https:\/\/api.w.org\/{rel}","templated":true}]}}