{"id":19737,"date":"2025-08-23T12:19:33","date_gmt":"2025-08-23T10:19:33","guid":{"rendered":"https:\/\/www.agraritaeten-shop.com\/?post_type=product&#038;p=19737"},"modified":"2026-02-28T19:42:40","modified_gmt":"2026-02-28T18:42:40","slug":"mengele-prospekt-haeckseldrusch-breitdreschmaschinen-geblaesehaecksler-feldschneider","status":"publish","type":"product","link":"https:\/\/www.agraritaeten-shop.com\/en\/shop\/prospekte\/prospekte_mengele\/mengele-prospekt-haeckseldrusch-breitdreschmaschinen-geblaesehaecksler-feldschneider\/","title":{"rendered":"MENGELE Prospekt H\u00e4ckseldrusch, Breitdreschmaschinen, Gebl\u00e4seh\u00e4cksler, Feldschneider"},"content":{"rendered":"<h1><strong>original brochure<br \/>\n<\/strong><\/h1>\n<h2>MENGELE<br \/>\nH\u00e4ckseldrusch, Breitdreschmaschinen, Gebl\u00e4seh\u00e4cksler, Feldschneider<\/h2>\n<ul>\n<li>A4 format<\/li>\n<li>4 pages<\/li>\n<li>German<\/li>\n<li>punched<\/li>\n<li>used<\/li>\n<li>slight wear on the top edges, otherwise in good condition<\/li>\n<li>100% original<\/li>\n<li>Print No.: <em>F2c\/50\/957\/MA<\/em><\/li>\n<li>Date Stamp: <em>Mai 1960<\/em><\/li>\n<\/ul>","protected":false},"excerpt":{"rendered":"<p>original Prospekt MENGELE H\u00e4ckseldrusch, Breitdreschmaschinen, Gebl\u00e4seh\u00e4cksler, Feldschneider A4 Format 4 Seiten Deutsch gelocht gebraucht winzige Abnutzung am oberen Rand, ansonsten guter Zustand 100% original DruckNr.: F2c\/50\/957\/MA Datums-Stempel: Mai 1960<\/p>","protected":false},"featured_media":19621,"template":"","meta":[],"product_brand":[],"product_cat":[127,157,45],"product_tag":[2983,813,2984,2985,1582,186],"class_list":{"0":"post-19737","1":"product","2":"type-product","3":"status-publish","4":"has-post-thumbnail","6":"product_cat-mengele","7":"product_cat-prospekte_mengele","8":"product_cat-prospekte","9":"product_tag-breitdreschmaschinen","10":"product_tag-feldschneider","11":"product_tag-geblaesehaecksler","12":"product_tag-haeckseldrusch","13":"product_tag-mengele","14":"product_tag-prospekt","16":"first","17":"instock","18":"shipping-taxable","19":"purchasable","20":"product-type-simple"},"_links":{"self":[{"href":"https:\/\/www.agraritaeten-shop.com\/en\/wp-json\/wp\/v2\/product\/19737","targetHints":{"allow":["GET"]}}],"collection":[{"href":"https:\/\/www.agraritaeten-shop.com\/en\/wp-json\/wp\/v2\/product"}],"about":[{"href":"https:\/\/www.agraritaeten-shop.com\/en\/wp-json\/wp\/v2\/types\/product"}],"wp:featuredmedia":[{"embeddable":true,"href":"https:\/\/www.agraritaeten-shop.com\/en\/wp-json\/wp\/v2\/media\/19621"}],"wp:attachment":[{"href":"https:\/\/www.agraritaeten-shop.com\/en\/wp-json\/wp\/v2\/media?parent=19737"}],"wp:term":[{"taxonomy":"product_brand","embeddable":true,"href":"https:\/\/www.agraritaeten-shop.com\/en\/wp-json\/wp\/v2\/product_brand?post=19737"},{"taxonomy":"product_cat","embeddable":true,"href":"https:\/\/www.agraritaeten-shop.com\/en\/wp-json\/wp\/v2\/product_cat?post=19737"},{"taxonomy":"product_tag","embeddable":true,"href":"https:\/\/www.agraritaeten-shop.com\/en\/wp-json\/wp\/v2\/product_tag?post=19737"}],"curies":[{"name":"wp","href":"https:\/\/api.w.org\/{rel}","templated":true}]}}