{"id":19738,"date":"2025-10-02T12:26:07","date_gmt":"2025-10-02T10:26:07","guid":{"rendered":"https:\/\/www.agraritaeten-shop.com\/?post_type=product&#038;p=19738"},"modified":"2026-02-28T15:53:14","modified_gmt":"2026-02-28T14:53:14","slug":"mengele-prospekt-qualitaetsprogramm","status":"publish","type":"product","link":"https:\/\/www.agraritaeten-shop.com\/en\/shop\/prospekte\/prospekte_mengele\/mengele-prospekt-qualitaetsprogramm\/","title":{"rendered":"MENGELE Prospekt Qualit\u00e4tsprogramm"},"content":{"rendered":"<h1><strong>original brochure<\/strong><\/h1>\n<h2>MENGELE Qualit\u00e4tsprogramm<br \/>\nund Firmen-Info<\/h2>\n<ul>\n<li>A4 format<\/li>\n<li>8 pages<\/li>\n<li>German, French, Dutch<\/li>\n<li>not punched<\/li>\n<li>used<\/li>\n<li>very good condition<\/li>\n<li>100% original<\/li>\n<li>Print No.: <em>10\/195\/88-2<\/em><\/li>\n<\/ul>","protected":false},"excerpt":{"rendered":"<p>original Prospekt MENGELE Qualit\u00e4tsprogramm und Firmen-Info A4 Format 8 Seiten Deutsch, Franz\u00f6sisch, Niederl\u00e4ndisch nicht gelocht gebraucht sehr guter Zustand 100% original DruckNr.: 10\/195\/88-2<\/p>","protected":false},"featured_media":19622,"template":"","meta":[],"product_brand":[],"product_cat":[127,157,45],"product_tag":[194,445,298,568,307,2245,1582,303,186,285],"class_list":{"0":"post-19738","1":"product","2":"type-product","3":"status-publish","4":"has-post-thumbnail","6":"product_cat-mengele","7":"product_cat-prospekte_mengele","8":"product_cat-prospekte","9":"product_tag-ballenpresse","10":"product_tag-feldhaecksler","11":"product_tag-haecksler","12":"product_tag-kipper","13":"product_tag-ladewagen","14":"product_tag-mais-blitz","15":"product_tag-mengele","16":"product_tag-programm","17":"product_tag-prospekt","18":"product_tag-selbstfahrer","20":"first","21":"instock","22":"shipping-taxable","23":"purchasable","24":"product-type-simple"},"_links":{"self":[{"href":"https:\/\/www.agraritaeten-shop.com\/en\/wp-json\/wp\/v2\/product\/19738","targetHints":{"allow":["GET"]}}],"collection":[{"href":"https:\/\/www.agraritaeten-shop.com\/en\/wp-json\/wp\/v2\/product"}],"about":[{"href":"https:\/\/www.agraritaeten-shop.com\/en\/wp-json\/wp\/v2\/types\/product"}],"wp:featuredmedia":[{"embeddable":true,"href":"https:\/\/www.agraritaeten-shop.com\/en\/wp-json\/wp\/v2\/media\/19622"}],"wp:attachment":[{"href":"https:\/\/www.agraritaeten-shop.com\/en\/wp-json\/wp\/v2\/media?parent=19738"}],"wp:term":[{"taxonomy":"product_brand","embeddable":true,"href":"https:\/\/www.agraritaeten-shop.com\/en\/wp-json\/wp\/v2\/product_brand?post=19738"},{"taxonomy":"product_cat","embeddable":true,"href":"https:\/\/www.agraritaeten-shop.com\/en\/wp-json\/wp\/v2\/product_cat?post=19738"},{"taxonomy":"product_tag","embeddable":true,"href":"https:\/\/www.agraritaeten-shop.com\/en\/wp-json\/wp\/v2\/product_tag?post=19738"}],"curies":[{"name":"wp","href":"https:\/\/api.w.org\/{rel}","templated":true}]}}