{"id":20736,"date":"2025-09-02T15:17:17","date_gmt":"2025-09-02T13:17:17","guid":{"rendered":"https:\/\/www.agraritaeten-shop.com\/?post_type=product&#038;p=20736"},"modified":"2026-02-28T18:33:52","modified_gmt":"2026-02-28T17:33:52","slug":"porsche-diesel-renault-prospekt-traktorenprogramm-standard-super-master","status":"publish","type":"product","link":"https:\/\/www.agraritaeten-shop.com\/en\/shop\/prospekte\/porsche-prospekte\/porsche-diesel-renault-prospekt-traktorenprogramm-standard-super-master\/","title":{"rendered":"PORSCHE-DIESEL RENAULT Prospekt Traktorenprogramm Standard\/Super\/Master"},"content":{"rendered":"<h1><strong>original brochure<br \/>\n<\/strong><\/h1>\n<h2>PORSCHE-DIESEL RENAULT Poster Traktorenprogramm<br \/>\nStandard\/Super 4 und 5\/Master<\/h2>\n<ul>\n<li>10cm x 21cm<\/li>\n<li>fold-out along the length to 6 times its original size<\/li>\n<li>German<\/li>\n<li>punched<\/li>\n<li>used<\/li>\n<li>very good condition<\/li>\n<li>100% original<\/li>\n<li>Print No.: <em>PDR &#8211; P 15\/2<\/em><\/li>\n<\/ul>","protected":false},"excerpt":{"rendered":"<p>original Prospekt PORSCHE-DIESEL RENAULT Poster Traktorenprogramm Standard\/Super 4 und 5\/Master 10cm x 21cm der L\u00e4nge nach ausklappbar zur 6fachen Gr\u00f6\u00dfe Deutsch gelocht gebraucht sehr guter Zustand 100% original DruckNr. PDR &#8211; P 15\/2<\/p>","protected":false},"featured_media":19716,"template":"","meta":[],"product_brand":[],"product_cat":[163,88,45,151,152],"product_tag":[336,549,335,548,303,186,302,256,596,550,188],"class_list":{"0":"post-20736","1":"product","2":"type-product","3":"status-publish","4":"has-post-thumbnail","6":"product_cat-porsche-prospekte","7":"product_cat-porsche","8":"product_cat-prospekte","9":"product_cat-renault","10":"product_cat-prospekte_renault","11":"product_tag-diesel","12":"product_tag-master","13":"product_tag-porsche","14":"product_tag-porsche-diesel","15":"product_tag-programm","16":"product_tag-prospekt","17":"product_tag-renault","18":"product_tag-schlepper","19":"product_tag-standard","20":"product_tag-super","21":"product_tag-traktor","23":"first","24":"instock","25":"shipping-taxable","26":"purchasable","27":"product-type-simple"},"_links":{"self":[{"href":"https:\/\/www.agraritaeten-shop.com\/en\/wp-json\/wp\/v2\/product\/20736","targetHints":{"allow":["GET"]}}],"collection":[{"href":"https:\/\/www.agraritaeten-shop.com\/en\/wp-json\/wp\/v2\/product"}],"about":[{"href":"https:\/\/www.agraritaeten-shop.com\/en\/wp-json\/wp\/v2\/types\/product"}],"wp:featuredmedia":[{"embeddable":true,"href":"https:\/\/www.agraritaeten-shop.com\/en\/wp-json\/wp\/v2\/media\/19716"}],"wp:attachment":[{"href":"https:\/\/www.agraritaeten-shop.com\/en\/wp-json\/wp\/v2\/media?parent=20736"}],"wp:term":[{"taxonomy":"product_brand","embeddable":true,"href":"https:\/\/www.agraritaeten-shop.com\/en\/wp-json\/wp\/v2\/product_brand?post=20736"},{"taxonomy":"product_cat","embeddable":true,"href":"https:\/\/www.agraritaeten-shop.com\/en\/wp-json\/wp\/v2\/product_cat?post=20736"},{"taxonomy":"product_tag","embeddable":true,"href":"https:\/\/www.agraritaeten-shop.com\/en\/wp-json\/wp\/v2\/product_tag?post=20736"}],"curies":[{"name":"wp","href":"https:\/\/api.w.org\/{rel}","templated":true}]}}