{"id":20738,"date":"2025-09-02T15:32:56","date_gmt":"2025-09-02T13:32:56","guid":{"rendered":"https:\/\/www.agraritaeten-shop.com\/?post_type=product&#038;p=20738"},"modified":"2026-03-24T20:50:01","modified_gmt":"2026-03-24T19:50:01","slug":"fortschritt-prospekt-einzelkornsaemaschine-a600","status":"publish","type":"product","link":"https:\/\/www.agraritaeten-shop.com\/en\/shop\/prospekte\/prospekte_fortschritt\/fortschritt-prospekt-einzelkornsaemaschine-a600\/","title":{"rendered":"FORTSCHRITT Prospekt Einzelkorns\u00e4maschine A600"},"content":{"rendered":"<h1><strong>original brochure<\/strong><\/h1>\n<h1>VEB Kombinat FORTSCHRITT Landmaschinen<br \/>\nEinzelkorns\u00e4maschine A600<\/h1>\n<ul>\n<li>approx. A4 landscape format<\/li>\n<li>fold-out to 4 times its original size (A2 format)<\/li>\n<li><strong>mainly French!<\/strong><\/li>\n<li>not punched<\/li>\n<li>used<\/li>\n<li>very good condition<\/li>\n<li>100% original<\/li>\n<li>Print No.: <em>Ag 53182 80 V 19 12<\/em><\/li>\n<\/ul>","protected":false},"excerpt":{"rendered":"<p>original Prospekt VEB Kombinat FORTSCHRITT Landmaschinen Einzelkorns\u00e4maschine A600 ca. A4 Querformat ausklappbar zur 4fachen Gr\u00f6\u00dfe (A2 Format) \u00fcberwiegend Franz\u00f6sisch! nicht gelocht gebraucht sehr guter Zustand 100% original DruckNr. Ag 53182 80 V 19 12<\/p>","protected":false},"featured_media":19694,"template":"","meta":[],"product_brand":[],"product_cat":[133,668,45],"product_tag":[669,186,3008],"class_list":{"0":"post-20738","1":"product","2":"type-product","3":"status-publish","4":"has-post-thumbnail","6":"product_cat-fortschritt","7":"product_cat-prospekte_fortschritt","8":"product_cat-prospekte","9":"product_tag-fortschritt","10":"product_tag-prospekt","11":"product_tag-ssaemaschine","13":"first","14":"outofstock","15":"shipping-taxable","16":"purchasable","17":"product-type-simple"},"_links":{"self":[{"href":"https:\/\/www.agraritaeten-shop.com\/en\/wp-json\/wp\/v2\/product\/20738","targetHints":{"allow":["GET"]}}],"collection":[{"href":"https:\/\/www.agraritaeten-shop.com\/en\/wp-json\/wp\/v2\/product"}],"about":[{"href":"https:\/\/www.agraritaeten-shop.com\/en\/wp-json\/wp\/v2\/types\/product"}],"wp:featuredmedia":[{"embeddable":true,"href":"https:\/\/www.agraritaeten-shop.com\/en\/wp-json\/wp\/v2\/media\/19694"}],"wp:attachment":[{"href":"https:\/\/www.agraritaeten-shop.com\/en\/wp-json\/wp\/v2\/media?parent=20738"}],"wp:term":[{"taxonomy":"product_brand","embeddable":true,"href":"https:\/\/www.agraritaeten-shop.com\/en\/wp-json\/wp\/v2\/product_brand?post=20738"},{"taxonomy":"product_cat","embeddable":true,"href":"https:\/\/www.agraritaeten-shop.com\/en\/wp-json\/wp\/v2\/product_cat?post=20738"},{"taxonomy":"product_tag","embeddable":true,"href":"https:\/\/www.agraritaeten-shop.com\/en\/wp-json\/wp\/v2\/product_tag?post=20738"}],"curies":[{"name":"wp","href":"https:\/\/api.w.org\/{rel}","templated":true}]}}