{"id":20756,"date":"2025-09-04T20:26:00","date_gmt":"2025-09-04T18:26:00","guid":{"rendered":"https:\/\/www.agraritaeten-shop.com\/?post_type=product&#038;p=20756"},"modified":"2025-09-04T21:04:23","modified_gmt":"2025-09-04T19:04:23","slug":"massey-ferguson-prospekt-schlepper-geraete-maehdrescher-erntemaschinen","status":"publish","type":"product","link":"https:\/\/www.agraritaeten-shop.com\/en\/shop\/prospekte\/prospekte_massey_ferguson_harris\/massey-ferguson-prospekt-schlepper-geraete-maehdrescher-erntemaschinen\/","title":{"rendered":"MASSEY-FERGUSON Prospekt Schlepper, Ger\u00e4te, M\u00e4hdrescher, Erntemaschinen"},"content":{"rendered":"<h1><strong>original brochure<br \/>\n<\/strong><\/h1>\n<h2>MASSEY-FERGUSON<br \/>\nSchlepper, Ger\u00e4te, M\u00e4hdrescher, Erntemaschinen<br \/>\n<span style=\"font-size: 75%;\">Traktoren MF177, MF165, MF135, MF130<\/span><br \/>\n<span style=\"font-size: 75%;\">M\u00e4hdrescher MF30, MF87, 31, 99, 86, 510,\u00a0<\/span><br \/>\n<span style=\"font-size: 75%;\">Frontlader, Heckplanierger\u00e4t, Erdbohrer, Pfl\u00fcge, Grubber, Eggen, Drillmaschinen, D\u00fcngerstreuer<br \/>\nFeldpressen, Hochdruckpresse, Feldh\u00e4cksler, Schubrechwender, Universalwagen<\/span><\/h2>\n<ul>\n<li>A5 format<\/li>\n<li>fold-out along the length to 8 times its original size<\/li>\n<li>German<\/li>\n<li>not punched<\/li>\n<li>used<\/li>\n<li>slight soiling, mainly on the cover pages, otherwise in good condition<\/li>\n<li>100% original<\/li>\n<\/ul>","protected":false},"excerpt":{"rendered":"<p>original Prospekt MASSEY-FERGUSON Schlepper, Ger\u00e4te, M\u00e4hdrescher, Erntemaschinen Traktoren MF177, MF165, MF135, MF130 M\u00e4hdrescher MF30, MF87, 31, 99, 86, 510,\u00a0 Frontlader, Heckplanierger\u00e4t, Erdbohrer, Pfl\u00fcge, Grubber, Eggen, Drillmaschinen, D\u00fcngerstreuer Feldpressen, Hochdruckpresse, Feldh\u00e4cksler, Schubrechwender, Universalwagen A5 Format der L\u00e4nge nach ausklappbar zur 8fachen Gr\u00f6\u00dfe Deutsch nicht gelocht gebraucht leichte Verschmutzungen, vorrangig an den Deckseiten, ansonsten guter Zustand 100% [&#8230;]\n","protected":false},"featured_media":19715,"template":"","meta":[],"product_brand":[],"product_cat":[75,111,45],"product_tag":[860,210,744,1056,445,3023,480,745,3025,239,189,193,369,186,256,1095,188,3024],"class_list":{"0":"post-20756","1":"product","2":"type-product","3":"status-publish","4":"has-post-thumbnail","6":"product_cat-massey-ferguson-harris","7":"product_cat-prospekte_massey_ferguson_harris","8":"product_cat-prospekte","9":"product_tag-drillmaschinen","10":"product_tag-duengerstreuer","11":"product_tag-eggen","12":"product_tag-erdbohrer","13":"product_tag-feldhaecksler","14":"product_tag-feldpressen","15":"product_tag-frontlader","16":"product_tag-grubber","17":"product_tag-heckplaniergeraet","18":"product_tag-hochdruckpresse","19":"product_tag-maehdrescher","20":"product_tag-massey-ferguson","21":"product_tag-pfluege","22":"product_tag-prospekt","23":"product_tag-schlepper","24":"product_tag-schubrechwender","25":"product_tag-traktor","26":"product_tag-universalwagen","28":"first","29":"instock","30":"shipping-taxable","31":"purchasable","32":"product-type-simple"},"_links":{"self":[{"href":"https:\/\/www.agraritaeten-shop.com\/en\/wp-json\/wp\/v2\/product\/20756","targetHints":{"allow":["GET"]}}],"collection":[{"href":"https:\/\/www.agraritaeten-shop.com\/en\/wp-json\/wp\/v2\/product"}],"about":[{"href":"https:\/\/www.agraritaeten-shop.com\/en\/wp-json\/wp\/v2\/types\/product"}],"wp:featuredmedia":[{"embeddable":true,"href":"https:\/\/www.agraritaeten-shop.com\/en\/wp-json\/wp\/v2\/media\/19715"}],"wp:attachment":[{"href":"https:\/\/www.agraritaeten-shop.com\/en\/wp-json\/wp\/v2\/media?parent=20756"}],"wp:term":[{"taxonomy":"product_brand","embeddable":true,"href":"https:\/\/www.agraritaeten-shop.com\/en\/wp-json\/wp\/v2\/product_brand?post=20756"},{"taxonomy":"product_cat","embeddable":true,"href":"https:\/\/www.agraritaeten-shop.com\/en\/wp-json\/wp\/v2\/product_cat?post=20756"},{"taxonomy":"product_tag","embeddable":true,"href":"https:\/\/www.agraritaeten-shop.com\/en\/wp-json\/wp\/v2\/product_tag?post=20756"}],"curies":[{"name":"wp","href":"https:\/\/api.w.org\/{rel}","templated":true}]}}