{"id":20795,"date":"2025-09-04T21:44:13","date_gmt":"2025-09-04T19:44:13","guid":{"rendered":"https:\/\/www.agraritaeten-shop.com\/?post_type=product&#038;p=20795"},"modified":"2026-02-28T18:30:32","modified_gmt":"2026-02-28T17:30:32","slug":"guggenbauer-prospekt-rekord-geraete","status":"publish","type":"product","link":"https:\/\/www.agraritaeten-shop.com\/en\/shop\/prospekte\/sonstige-prospekte\/guggenbauer-prospekt-rekord-geraete\/","title":{"rendered":"GUGGENBAUER Prospekt REKORD-Ger\u00e4te"},"content":{"rendered":"<h1><strong>original brochure<br \/>\n<\/strong><\/h1>\n<h2>Ernst GUGGENBAUER<br \/>\nREKORD-Ger\u00e4te<br \/>\n<span style=\"font-size: 75%;\">Egge, Vielfachger\u00e4t, Gitterr\u00e4der, Ackerwalzen<\/span><\/h2>\n<ul>\n<li>A4 format<\/li>\n<li>1 sheet, printed on one side<\/li>\n<li>German<\/li>\n<li>not punched<\/li>\n<li>2x folded in the middle<\/li>\n<li>used<\/li>\n<li>slightly worn on the edges , otherwise in good condition<\/li>\n<li>100% original<\/li>\n<li>Print No.: <em>2423-61<\/em><\/li>\n<\/ul>","protected":false},"excerpt":{"rendered":"<p>original Prospekt Ernst GUGGENBAUER REKORD-Ger\u00e4te Egge, Vielfachger\u00e4t, Gitterr\u00e4der, Ackerwalzen A4 Format 1 Blatt, einseitig bedruckt Deutsch nicht gelocht 2x mittig geknickt gebraucht kleine Abnutzungen an den Kanten, ansonsten gut erhalten 100% original DruckNr. 2423-61<\/p>","protected":false},"featured_media":20768,"template":"","meta":[],"product_brand":[],"product_cat":[45,123,132],"product_tag":[346,328,744,1826,3026,186,569,963],"class_list":{"0":"post-20795","1":"product","2":"type-product","3":"status-publish","4":"has-post-thumbnail","6":"product_cat-prospekte","7":"product_cat-sonstige","8":"product_cat-sonstige-prospekte","9":"product_tag-ackerwalzen","10":"product_tag-egge","11":"product_tag-eggen","12":"product_tag-gitterraeder","13":"product_tag-guggenbauer","14":"product_tag-prospekt","15":"product_tag-rekord","16":"product_tag-vielfachgeraet","18":"first","19":"instock","20":"shipping-taxable","21":"purchasable","22":"product-type-simple"},"_links":{"self":[{"href":"https:\/\/www.agraritaeten-shop.com\/en\/wp-json\/wp\/v2\/product\/20795","targetHints":{"allow":["GET"]}}],"collection":[{"href":"https:\/\/www.agraritaeten-shop.com\/en\/wp-json\/wp\/v2\/product"}],"about":[{"href":"https:\/\/www.agraritaeten-shop.com\/en\/wp-json\/wp\/v2\/types\/product"}],"wp:featuredmedia":[{"embeddable":true,"href":"https:\/\/www.agraritaeten-shop.com\/en\/wp-json\/wp\/v2\/media\/20768"}],"wp:attachment":[{"href":"https:\/\/www.agraritaeten-shop.com\/en\/wp-json\/wp\/v2\/media?parent=20795"}],"wp:term":[{"taxonomy":"product_brand","embeddable":true,"href":"https:\/\/www.agraritaeten-shop.com\/en\/wp-json\/wp\/v2\/product_brand?post=20795"},{"taxonomy":"product_cat","embeddable":true,"href":"https:\/\/www.agraritaeten-shop.com\/en\/wp-json\/wp\/v2\/product_cat?post=20795"},{"taxonomy":"product_tag","embeddable":true,"href":"https:\/\/www.agraritaeten-shop.com\/en\/wp-json\/wp\/v2\/product_tag?post=20795"}],"curies":[{"name":"wp","href":"https:\/\/api.w.org\/{rel}","templated":true}]}}