{"id":21071,"date":"2025-09-08T14:42:09","date_gmt":"2025-09-08T12:42:09","guid":{"rendered":"https:\/\/www.agraritaeten-shop.com\/?post_type=product&#038;p=21071"},"modified":"2025-09-08T15:09:59","modified_gmt":"2025-09-08T13:09:59","slug":"faie-landmaschinen-katalog","status":"publish","type":"product","link":"https:\/\/www.agraritaeten-shop.com\/en\/shop\/prospekte\/sonstige-prospekte\/faie-landmaschinen-katalog\/","title":{"rendered":"FAIE Landmaschinen Katalog"},"content":{"rendered":"<h1><strong>original brochure<br \/>\n<\/strong><\/h1>\n<h2>FAIE-Versand, V\u00f6cklabruck<br \/>\nLandmaschinen Katalog<\/h2>\n<ul>\n<li>approx. A5 Format<\/li>\n<li>116 pages (plus info sheet on price changes dated 25.2.1967)<\/li>\n<li>German<\/li>\n<li>punched<\/li>\n<li>used<\/li>\n<li>lightly worn, but fully intact<\/li>\n<li>100% original<\/li>\n<\/ul>","protected":false},"excerpt":{"rendered":"<p>original Prospekt FAIE-Versand, V\u00f6cklabruck Landmaschinen Katalog ca. A5 Format 116 Seiten (+ Info-Blatt Preis\u00e4nderungen 25.2.1967) Deutsch gelocht gebraucht etwas abgegriffener Zustand, aber vollst\u00e4ndig erhalten 100% original<\/p>","protected":false},"featured_media":20898,"template":"","meta":[],"product_brand":[],"product_cat":[45,123,132],"product_tag":[3059,1210,551],"class_list":{"0":"post-21071","1":"product","2":"type-product","3":"status-publish","4":"has-post-thumbnail","6":"product_cat-prospekte","7":"product_cat-sonstige","8":"product_cat-sonstige-prospekte","9":"product_tag-faie","10":"product_tag-katalog","11":"product_tag-landmaschinen","13":"first","14":"instock","15":"shipping-taxable","16":"purchasable","17":"product-type-simple"},"_links":{"self":[{"href":"https:\/\/www.agraritaeten-shop.com\/en\/wp-json\/wp\/v2\/product\/21071","targetHints":{"allow":["GET"]}}],"collection":[{"href":"https:\/\/www.agraritaeten-shop.com\/en\/wp-json\/wp\/v2\/product"}],"about":[{"href":"https:\/\/www.agraritaeten-shop.com\/en\/wp-json\/wp\/v2\/types\/product"}],"wp:featuredmedia":[{"embeddable":true,"href":"https:\/\/www.agraritaeten-shop.com\/en\/wp-json\/wp\/v2\/media\/20898"}],"wp:attachment":[{"href":"https:\/\/www.agraritaeten-shop.com\/en\/wp-json\/wp\/v2\/media?parent=21071"}],"wp:term":[{"taxonomy":"product_brand","embeddable":true,"href":"https:\/\/www.agraritaeten-shop.com\/en\/wp-json\/wp\/v2\/product_brand?post=21071"},{"taxonomy":"product_cat","embeddable":true,"href":"https:\/\/www.agraritaeten-shop.com\/en\/wp-json\/wp\/v2\/product_cat?post=21071"},{"taxonomy":"product_tag","embeddable":true,"href":"https:\/\/www.agraritaeten-shop.com\/en\/wp-json\/wp\/v2\/product_tag?post=21071"}],"curies":[{"name":"wp","href":"https:\/\/api.w.org\/{rel}","templated":true}]}}