{"id":21148,"date":"2025-09-11T22:24:28","date_gmt":"2025-09-11T20:24:28","guid":{"rendered":"https:\/\/www.agraritaeten-shop.com\/?post_type=product&#038;p=21148"},"modified":"2026-02-28T17:30:34","modified_gmt":"2026-02-28T16:30:34","slug":"veb-traktorenwerk-schoenebeck-prospekt-geraetetraeger-rs-09","status":"publish","type":"product","link":"https:\/\/www.agraritaeten-shop.com\/en\/shop\/prospekte\/prospekte_fortschritt\/veb-traktorenwerk-schoenebeck-prospekt-geraetetraeger-rs-09\/","title":{"rendered":"VEB Traktorenwerk SCH\u00d6NEBECK Prospekt Ger\u00e4tetr\u00e4ger RS 09"},"content":{"rendered":"<h1><strong>original brochure<\/strong><\/h1>\n<h1>VEB Traktorenwerk SCH\u00d6NEBECK<br \/>\nGer\u00e4tetr\u00e4ger RS 09<\/h1>\n<ul>\n<li>A4 format<\/li>\n<li>1 sheet, printed on both sides<\/li>\n<li>German<\/li>\n<li>punched<\/li>\n<li>used<\/li>\n<li>good condition<\/li>\n<li>100% original<\/li>\n<li>Print No.: <em>III\/18\/97 Ag 50\/III\/179\/58\/DDR<\/em><\/li>\n<\/ul>","protected":false},"excerpt":{"rendered":"<p>original Prospekt VEB Traktorenwerk SCH\u00d6NEBECK Ger\u00e4tetr\u00e4ger RS 09 A4 Format 1 Blatt, beidseitig bedruckt Deutsch gelocht gebraucht guter Zustand 100% original DruckNr. III\/18\/97 Ag 50\/III\/179\/58\/DDR<\/p>","protected":false},"featured_media":21042,"template":"","meta":[],"product_brand":[],"product_cat":[668,133,45,123,132],"product_tag":[665,186,717,188,716,705],"class_list":{"0":"post-21148","1":"product","2":"type-product","3":"status-publish","4":"has-post-thumbnail","6":"product_cat-prospekte_fortschritt","7":"product_cat-fortschritt","8":"product_cat-prospekte","9":"product_cat-sonstige","10":"product_cat-sonstige-prospekte","11":"product_tag-geraetetraeger","12":"product_tag-prospekt","13":"product_tag-schoenebeck","14":"product_tag-traktor","15":"product_tag-traktorenwerk","16":"product_tag-veb","18":"first","19":"instock","20":"shipping-taxable","21":"purchasable","22":"product-type-simple"},"_links":{"self":[{"href":"https:\/\/www.agraritaeten-shop.com\/en\/wp-json\/wp\/v2\/product\/21148","targetHints":{"allow":["GET"]}}],"collection":[{"href":"https:\/\/www.agraritaeten-shop.com\/en\/wp-json\/wp\/v2\/product"}],"about":[{"href":"https:\/\/www.agraritaeten-shop.com\/en\/wp-json\/wp\/v2\/types\/product"}],"wp:featuredmedia":[{"embeddable":true,"href":"https:\/\/www.agraritaeten-shop.com\/en\/wp-json\/wp\/v2\/media\/21042"}],"wp:attachment":[{"href":"https:\/\/www.agraritaeten-shop.com\/en\/wp-json\/wp\/v2\/media?parent=21148"}],"wp:term":[{"taxonomy":"product_brand","embeddable":true,"href":"https:\/\/www.agraritaeten-shop.com\/en\/wp-json\/wp\/v2\/product_brand?post=21148"},{"taxonomy":"product_cat","embeddable":true,"href":"https:\/\/www.agraritaeten-shop.com\/en\/wp-json\/wp\/v2\/product_cat?post=21148"},{"taxonomy":"product_tag","embeddable":true,"href":"https:\/\/www.agraritaeten-shop.com\/en\/wp-json\/wp\/v2\/product_tag?post=21148"}],"curies":[{"name":"wp","href":"https:\/\/api.w.org\/{rel}","templated":true}]}}