{"id":21540,"date":"2025-10-29T23:11:29","date_gmt":"2025-10-29T22:11:29","guid":{"rendered":"https:\/\/www.agraritaeten-shop.com\/?post_type=product&#038;p=21540"},"modified":"2026-02-28T13:38:11","modified_gmt":"2026-02-28T12:38:11","slug":"gutbrod-prospekt-schneeraeumung","status":"publish","type":"product","link":"https:\/\/www.agraritaeten-shop.com\/en\/shop\/prospekte\/sonstige-prospekte\/gutbrod-prospekt-schneeraeumung\/","title":{"rendered":"GUTBROD Prospekt Schneer\u00e4umung"},"content":{"rendered":"<h1><strong>original brochure<br \/>\n<\/strong><\/h1>\n<h2>GUTBROD Schneer\u00e4umung<br \/>\nEinachs-Schlepper, Gartentraktor, Kommunaltraktoren, Kommunalschlepper<br \/>\nSchneer\u00e4umen, Streuen, Kehren, Schneefr\u00e4se<\/h2>\n<ul>\n<li>A4 format<\/li>\n<li>4 pages<\/li>\n<li>German<\/li>\n<li>not punched<\/li>\n<li>folded in the middle<\/li>\n<li>used<\/li>\n<li>small tear, otherwise in good condition<\/li>\n<li>100% original<\/li>\n<li>Print No.: <em>434.M+D . Druck c+b<\/em><\/li>\n<\/ul>","protected":false},"excerpt":{"rendered":"<p>original Prospekt GUTBROD Schneer\u00e4umung Einachs-Schlepper, Gartentraktor, Kommunaltraktoren, Kommunalschlepper Schneer\u00e4umen, Streuen, Kehren, Schneefr\u00e4se A4 Format 4 Seiten Deutsch nicht gelocht in der Mitte geknickt gebraucht kleiner Knick an der unteren Ecke ansonsten guter Zustand 100% original DruckNr. 434.M+D . Druck c+b<\/p>","protected":false},"featured_media":21477,"template":"","meta":[],"product_brand":[],"product_cat":[45,132,123],"product_tag":[630,481,3089,2516,3092,489,186,256,944,3090,3091,188],"class_list":{"0":"post-21540","1":"product","2":"type-product","3":"status-publish","4":"has-post-thumbnail","6":"product_cat-prospekte","7":"product_cat-sonstige-prospekte","8":"product_cat-sonstige","9":"product_tag-einachs-schlepper","10":"product_tag-einachser","11":"product_tag-gartentraktor","12":"product_tag-gutbrod","13":"product_tag-kehren","14":"product_tag-kommunal","15":"product_tag-prospekt","16":"product_tag-schlepper","17":"product_tag-schneefraese","18":"product_tag-schneeraeumen","19":"product_tag-streuen","20":"product_tag-traktor","22":"first","23":"instock","24":"shipping-taxable","25":"purchasable","26":"product-type-simple"},"_links":{"self":[{"href":"https:\/\/www.agraritaeten-shop.com\/en\/wp-json\/wp\/v2\/product\/21540","targetHints":{"allow":["GET"]}}],"collection":[{"href":"https:\/\/www.agraritaeten-shop.com\/en\/wp-json\/wp\/v2\/product"}],"about":[{"href":"https:\/\/www.agraritaeten-shop.com\/en\/wp-json\/wp\/v2\/types\/product"}],"wp:featuredmedia":[{"embeddable":true,"href":"https:\/\/www.agraritaeten-shop.com\/en\/wp-json\/wp\/v2\/media\/21477"}],"wp:attachment":[{"href":"https:\/\/www.agraritaeten-shop.com\/en\/wp-json\/wp\/v2\/media?parent=21540"}],"wp:term":[{"taxonomy":"product_brand","embeddable":true,"href":"https:\/\/www.agraritaeten-shop.com\/en\/wp-json\/wp\/v2\/product_brand?post=21540"},{"taxonomy":"product_cat","embeddable":true,"href":"https:\/\/www.agraritaeten-shop.com\/en\/wp-json\/wp\/v2\/product_cat?post=21540"},{"taxonomy":"product_tag","embeddable":true,"href":"https:\/\/www.agraritaeten-shop.com\/en\/wp-json\/wp\/v2\/product_tag?post=21540"}],"curies":[{"name":"wp","href":"https:\/\/api.w.org\/{rel}","templated":true}]}}