{"id":21544,"date":"2025-11-15T17:48:02","date_gmt":"2025-11-15T16:48:02","guid":{"rendered":"https:\/\/www.agraritaeten-shop.com\/?post_type=product&#038;p=21544"},"modified":"2025-11-16T22:09:44","modified_gmt":"2025-11-16T21:09:44","slug":"gutbrod-prospekt-geraete-fuer-den-obstbau","status":"publish","type":"product","link":"https:\/\/www.agraritaeten-shop.com\/en\/shop\/prospekte\/sonstige-prospekte\/gutbrod-prospekt-geraete-fuer-den-obstbau\/","title":{"rendered":"GUTBROD Prospekt Ger\u00e4te f\u00fcr den Obstbau"},"content":{"rendered":"<h1><strong>original brochure<br \/>\n<\/strong><\/h1>\n<h2>GUTBROD Ger\u00e4te f\u00fcr den Obstbau<br \/>\n<span style=\"font-size: 75%;\">Motor-Vielzweckger\u00e4t<\/span><br \/>\n<span style=\"font-size: 75%;\">Einachser Trabant, Kobold<\/span><br \/>\n<span style=\"font-size: 75%;\">Hacke Terra, Universalmaschine Rebell, <\/span><br \/>\n<span style=\"font-size: 75%;\">Spritze, Zapfwellenbaupumpe, Fu\u00dfwagen, M\u00e4her, Mulcher, Pumpe, Anh\u00e4nger<\/span><\/h2>\n<ul>\n<li>A5 format<\/li>\n<li>8 pages<\/li>\n<li>German<\/li>\n<li>punched<\/li>\n<li>used<\/li>\n<li>very good condition<\/li>\n<li>100% original<\/li>\n<\/ul>","protected":false},"excerpt":{"rendered":"<p>original Prospekt GUTBROD Ger\u00e4te f\u00fcr den Obstbau Motor-Vielzweckger\u00e4t Einachser Trabant, Kobold Hacke Terra, Universalmaschine Rebell, Spritze, Zapfwellenbaupumpe, Fu\u00dfwagen, M\u00e4her, Mulcher, Pumpe, Anh\u00e4nger A5 Format 8 Seiten Deutsch gelocht gebraucht sehr guter Zustand 100% original<\/p>","protected":false},"featured_media":21448,"template":"","meta":[],"product_brand":[],"product_cat":[45,123,132],"product_tag":[767,630,481,3094,2516,3095,262,898,1760,186,1557,256,1886,786,3088,3093],"class_list":{"0":"post-21544","1":"product","2":"type-product","3":"status-publish","4":"has-post-thumbnail","6":"product_cat-prospekte","7":"product_cat-sonstige","8":"product_cat-sonstige-prospekte","9":"product_tag-anhaenger","10":"product_tag-einachs-schlepper","11":"product_tag-einachser","12":"product_tag-fusswagen","13":"product_tag-gutbrod","14":"product_tag-hacke-terra","15":"product_tag-maeher","16":"product_tag-mulcher","17":"product_tag-obstbau","18":"product_tag-prospekt","19":"product_tag-pumpe","20":"product_tag-schlepper","21":"product_tag-spritze","22":"product_tag-universalmaschine","23":"product_tag-vielzweckgeraet","24":"product_tag-zapfwellenbaupumpe","26":"first","27":"instock","28":"shipping-taxable","29":"purchasable","30":"product-type-simple"},"_links":{"self":[{"href":"https:\/\/www.agraritaeten-shop.com\/en\/wp-json\/wp\/v2\/product\/21544","targetHints":{"allow":["GET"]}}],"collection":[{"href":"https:\/\/www.agraritaeten-shop.com\/en\/wp-json\/wp\/v2\/product"}],"about":[{"href":"https:\/\/www.agraritaeten-shop.com\/en\/wp-json\/wp\/v2\/types\/product"}],"wp:featuredmedia":[{"embeddable":true,"href":"https:\/\/www.agraritaeten-shop.com\/en\/wp-json\/wp\/v2\/media\/21448"}],"wp:attachment":[{"href":"https:\/\/www.agraritaeten-shop.com\/en\/wp-json\/wp\/v2\/media?parent=21544"}],"wp:term":[{"taxonomy":"product_brand","embeddable":true,"href":"https:\/\/www.agraritaeten-shop.com\/en\/wp-json\/wp\/v2\/product_brand?post=21544"},{"taxonomy":"product_cat","embeddable":true,"href":"https:\/\/www.agraritaeten-shop.com\/en\/wp-json\/wp\/v2\/product_cat?post=21544"},{"taxonomy":"product_tag","embeddable":true,"href":"https:\/\/www.agraritaeten-shop.com\/en\/wp-json\/wp\/v2\/product_tag?post=21544"}],"curies":[{"name":"wp","href":"https:\/\/api.w.org\/{rel}","templated":true}]}}