{"id":21656,"date":"2025-10-03T23:02:29","date_gmt":"2025-10-03T21:02:29","guid":{"rendered":"https:\/\/www.agraritaeten-shop.com\/?post_type=product&#038;p=21656"},"modified":"2025-11-20T21:07:13","modified_gmt":"2025-11-20T20:07:13","slug":"grammer-prospekt-luftgefederter-fahrersitz-fa420e-1","status":"publish","type":"product","link":"https:\/\/www.agraritaeten-shop.com\/en\/shop\/prospekte\/sonstige-prospekte\/grammer-prospekt-luftgefederter-fahrersitz-fa420e-1\/","title":{"rendered":"GRAMMER Prospekt Fahrzeugsitze Programm\u00fcbersicht"},"content":{"rendered":"<h1><strong>original brochure<br \/>\n<\/strong><\/h1>\n<h2>GRAMMER<br \/>\nFahrzeugsitze Programm\u00fcbersicht<br \/>\n<span style=\"font-size: 75%;\">f\u00fcr Traktoren und M\u00e4hdrescher, Gabelstapler, Baumaschinen<\/span><\/h2>\n<ul>\n<li>A4 format<\/li>\n<li>12 pages<\/li>\n<li>German<\/li>\n<li>not punched<\/li>\n<li>used<\/li>\n<li>very good condition<\/li>\n<li>100% original<\/li>\n<\/ul>","protected":false},"excerpt":{"rendered":"<p>original Prospekt GRAMMER Fahrzeugsitze Programm\u00fcbersicht f\u00fcr Traktoren und M\u00e4hdrescher, Gabelstapler, Baumaschinen A4 Format 12 Seiten Deutsch nicht gelocht gebraucht sehr guter Zustand 100% original<\/p>","protected":false},"featured_media":21608,"template":"","meta":[],"product_brand":[],"product_cat":[45,123,132],"product_tag":[2295,186,2385,1223],"class_list":{"0":"post-21656","1":"product","2":"type-product","3":"status-publish","4":"has-post-thumbnail","6":"product_cat-prospekte","7":"product_cat-sonstige","8":"product_cat-sonstige-prospekte","9":"product_tag-grammer","10":"product_tag-prospekt","11":"product_tag-sitz","12":"product_tag-sitze","14":"first","15":"outofstock","16":"shipping-taxable","17":"purchasable","18":"product-type-simple"},"_links":{"self":[{"href":"https:\/\/www.agraritaeten-shop.com\/en\/wp-json\/wp\/v2\/product\/21656","targetHints":{"allow":["GET"]}}],"collection":[{"href":"https:\/\/www.agraritaeten-shop.com\/en\/wp-json\/wp\/v2\/product"}],"about":[{"href":"https:\/\/www.agraritaeten-shop.com\/en\/wp-json\/wp\/v2\/types\/product"}],"wp:featuredmedia":[{"embeddable":true,"href":"https:\/\/www.agraritaeten-shop.com\/en\/wp-json\/wp\/v2\/media\/21608"}],"wp:attachment":[{"href":"https:\/\/www.agraritaeten-shop.com\/en\/wp-json\/wp\/v2\/media?parent=21656"}],"wp:term":[{"taxonomy":"product_brand","embeddable":true,"href":"https:\/\/www.agraritaeten-shop.com\/en\/wp-json\/wp\/v2\/product_brand?post=21656"},{"taxonomy":"product_cat","embeddable":true,"href":"https:\/\/www.agraritaeten-shop.com\/en\/wp-json\/wp\/v2\/product_cat?post=21656"},{"taxonomy":"product_tag","embeddable":true,"href":"https:\/\/www.agraritaeten-shop.com\/en\/wp-json\/wp\/v2\/product_tag?post=21656"}],"curies":[{"name":"wp","href":"https:\/\/api.w.org\/{rel}","templated":true}]}}