{"id":21871,"date":"2025-11-11T21:35:27","date_gmt":"2025-11-11T20:35:27","guid":{"rendered":"https:\/\/www.agraritaeten-shop.com\/?post_type=product&#038;p=21871"},"modified":"2026-02-27T21:34:34","modified_gmt":"2026-02-27T20:34:34","slug":"gutbrod-prospekt-kleintraktor-universalmaschine-superior-8ps","status":"publish","type":"product","link":"https:\/\/www.agraritaeten-shop.com\/en\/shop\/prospekte\/sonstige-prospekte\/gutbrod-prospekt-kleintraktor-universalmaschine-superior-8ps\/","title":{"rendered":"GUTBROD Prospekt Kleintraktor Universalmaschine Superior 8PS"},"content":{"rendered":"<h1><strong>original brochure<br \/>\n<\/strong><\/h1>\n<h2>GUTBROD Kleintraktor<br \/>\nUniversalmaschine\/4Rad Motorger\u00e4t Superior 8PS<br \/>\n<span style=\"font-size: 75%;\">f\u00fcr Wein- Obst- Gartenbau und Landwirtschaft<\/span><br \/>\n<span style=\"font-size: 75%;\">f\u00fcr Wochenendgrundst\u00fccke und Parks<\/span><br \/>\n<span style=\"font-size: 75%;\">f\u00fcr Kommunal- und Industriebetriebe<\/span><\/h2>\n<ul>\n<li>approx. A4 Format<\/li>\n<li>4 pages<\/li>\n<li>German<\/li>\n<li>punched<\/li>\n<li>used<\/li>\n<li>very good condition<\/li>\n<li>100% original<\/li>\n<li>Print No.:<em> 205 70\/02\/65<\/em><\/li>\n<\/ul>","protected":false},"excerpt":{"rendered":"<p>original Prospekt GUTBROD Kleintraktor Universalmaschine\/4Rad Motorger\u00e4t Superior 8PS f\u00fcr Wein- Obst- Gartenbau und Landwirtschaft f\u00fcr Wochenendgrundst\u00fccke und Parks f\u00fcr Kommunal- und Industriebetriebe ca. A4 Format 4 Seiten Deutsch gelocht gebraucht sehr guter Zustand 100% original DruckNr. 205 70\/02\/65<\/p>","protected":false},"featured_media":21779,"template":"","meta":[],"product_brand":[],"product_cat":[45,123,132],"product_tag":[1555,2516,489,3108,1760,186,1498,256,188,786],"class_list":{"0":"post-21871","1":"product","2":"type-product","3":"status-publish","4":"has-post-thumbnail","6":"product_cat-prospekte","7":"product_cat-sonstige","8":"product_cat-sonstige-prospekte","9":"product_tag-garten","10":"product_tag-gutbrod","11":"product_tag-kommunal","12":"product_tag-motorgeraet","13":"product_tag-obstbau","14":"product_tag-prospekt","15":"product_tag-rasen","16":"product_tag-schlepper","17":"product_tag-traktor","18":"product_tag-universalmaschine","20":"first","21":"instock","22":"shipping-taxable","23":"purchasable","24":"product-type-simple"},"_links":{"self":[{"href":"https:\/\/www.agraritaeten-shop.com\/en\/wp-json\/wp\/v2\/product\/21871","targetHints":{"allow":["GET"]}}],"collection":[{"href":"https:\/\/www.agraritaeten-shop.com\/en\/wp-json\/wp\/v2\/product"}],"about":[{"href":"https:\/\/www.agraritaeten-shop.com\/en\/wp-json\/wp\/v2\/types\/product"}],"wp:featuredmedia":[{"embeddable":true,"href":"https:\/\/www.agraritaeten-shop.com\/en\/wp-json\/wp\/v2\/media\/21779"}],"wp:attachment":[{"href":"https:\/\/www.agraritaeten-shop.com\/en\/wp-json\/wp\/v2\/media?parent=21871"}],"wp:term":[{"taxonomy":"product_brand","embeddable":true,"href":"https:\/\/www.agraritaeten-shop.com\/en\/wp-json\/wp\/v2\/product_brand?post=21871"},{"taxonomy":"product_cat","embeddable":true,"href":"https:\/\/www.agraritaeten-shop.com\/en\/wp-json\/wp\/v2\/product_cat?post=21871"},{"taxonomy":"product_tag","embeddable":true,"href":"https:\/\/www.agraritaeten-shop.com\/en\/wp-json\/wp\/v2\/product_tag?post=21871"}],"curies":[{"name":"wp","href":"https:\/\/api.w.org\/{rel}","templated":true}]}}