{"id":21906,"date":"2025-12-14T08:19:26","date_gmt":"2025-12-14T07:19:26","guid":{"rendered":"https:\/\/www.agraritaeten-shop.com\/?post_type=product&#038;p=21906"},"modified":"2025-12-14T09:47:30","modified_gmt":"2025-12-14T08:47:30","slug":"esterer-prospekt-lieferprogramm","status":"publish","type":"product","link":"https:\/\/www.agraritaeten-shop.com\/en\/shop\/prospekte\/sonstige-prospekte\/esterer-prospekt-lieferprogramm\/","title":{"rendered":"ESTERER Prospekt Lieferprogramm"},"content":{"rendered":"<h1><strong>original brochure<br \/>\n<\/strong><\/h1>\n<h2>ESTERER Lieferprogramm<br \/>\n<span style=\"font-size: 75%;\">Feldh\u00e4cksler, Abladeh\u00e4cksler, Maisgebiss, Schwader<\/span><br \/>\n<span style=\"font-size: 75%;\">Maish\u00e4cksler, Silo, Silo-Fr\u00e4se, Abladegebl\u00e4se<\/span><\/h2>\n<ul>\n<li>A6 format<\/li>\n<li>34 pages<\/li>\n<li>German<\/li>\n<li>punched<\/li>\n<li>used<\/li>\n<li>very good condition<\/li>\n<li>100% original<\/li>\n<li>Datums-Stempel: vermutlich Juli 1989<\/li>\n<\/ul>","protected":false},"excerpt":{"rendered":"<p>original Prospekt ESTERER Lieferprogramm Feldh\u00e4cksler, Abladeh\u00e4cksler, Maisgebiss, Schwader Maish\u00e4cksler, Silo, Silo-Fr\u00e4se, Abladegebl\u00e4se A6 Format 34 Seiten Deutsch gelocht gebraucht sehr guter Zustand 100% original Datums-Stempel: vermutlich Juli 1989<\/p>","protected":false},"featured_media":21833,"template":"","meta":[],"product_brand":[],"product_cat":[45,123,132],"product_tag":[2347,276,1026,445,764,298,2331,291,507,186,595,354,3126],"class_list":{"0":"post-21906","1":"product","2":"type-product","3":"status-publish","4":"has-post-thumbnail","6":"product_cat-prospekte","7":"product_cat-sonstige","8":"product_cat-sonstige-prospekte","9":"product_tag-abladegeblaese","10":"product_tag-abladehaecksler","11":"product_tag-esterer","12":"product_tag-feldhaecksler","13":"product_tag-geblaese","14":"product_tag-haecksler","15":"product_tag-maisgebiss","16":"product_tag-maishaecksler","17":"product_tag-preisliste","18":"product_tag-prospekt","19":"product_tag-schwader","20":"product_tag-silo","21":"product_tag-silo-fraese","23":"first","24":"outofstock","25":"shipping-taxable","26":"purchasable","27":"product-type-simple"},"_links":{"self":[{"href":"https:\/\/www.agraritaeten-shop.com\/en\/wp-json\/wp\/v2\/product\/21906","targetHints":{"allow":["GET"]}}],"collection":[{"href":"https:\/\/www.agraritaeten-shop.com\/en\/wp-json\/wp\/v2\/product"}],"about":[{"href":"https:\/\/www.agraritaeten-shop.com\/en\/wp-json\/wp\/v2\/types\/product"}],"wp:featuredmedia":[{"embeddable":true,"href":"https:\/\/www.agraritaeten-shop.com\/en\/wp-json\/wp\/v2\/media\/21833"}],"wp:attachment":[{"href":"https:\/\/www.agraritaeten-shop.com\/en\/wp-json\/wp\/v2\/media?parent=21906"}],"wp:term":[{"taxonomy":"product_brand","embeddable":true,"href":"https:\/\/www.agraritaeten-shop.com\/en\/wp-json\/wp\/v2\/product_brand?post=21906"},{"taxonomy":"product_cat","embeddable":true,"href":"https:\/\/www.agraritaeten-shop.com\/en\/wp-json\/wp\/v2\/product_cat?post=21906"},{"taxonomy":"product_tag","embeddable":true,"href":"https:\/\/www.agraritaeten-shop.com\/en\/wp-json\/wp\/v2\/product_tag?post=21906"}],"curies":[{"name":"wp","href":"https:\/\/api.w.org\/{rel}","templated":true}]}}