{"id":22017,"date":"2025-10-13T15:52:01","date_gmt":"2025-10-13T13:52:01","guid":{"rendered":"https:\/\/www.agraritaeten-shop.com\/?post_type=product&#038;p=22017"},"modified":"2025-10-13T17:23:34","modified_gmt":"2025-10-13T15:23:34","slug":"fahr-prospekt-koernergeblaese-system-koela","status":"publish","type":"product","link":"https:\/\/www.agraritaeten-shop.com\/en\/shop\/prospekte\/deutz-fahr-prospekte\/fahr-prospekt-koernergeblaese-system-koela\/","title":{"rendered":"FAHR Prospekt K\u00f6rnergebl\u00e4se System K\u00d6LA"},"content":{"rendered":"<h1><strong>original brochure<br \/>\n<\/strong><\/h1>\n<h2>FAHR K\u00f6rnergebl\u00e4se System K\u00d6LA<\/h2>\n<ul>\n<li>A4 format<\/li>\n<li>4 pages<\/li>\n<li>German<\/li>\n<li>not punched<\/li>\n<li>used<\/li>\n<li>very good condition<\/li>\n<li>100% original<\/li>\n<li>DruckNr. 5083\/717<\/li>\n<\/ul>","protected":false},"excerpt":{"rendered":"<p>original Prospekt FAHR K\u00f6rnergebl\u00e4se System K\u00d6LA A4 Format 4 Seiten Deutsch nicht gelocht gebraucht sehr guter Zustand 100% original DruckNr. 5083\/717<\/p>","protected":false},"featured_media":21913,"template":"","meta":[],"product_brand":[],"product_cat":[150,38,45],"product_tag":[606,764,275,186],"class_list":{"0":"post-22017","1":"product","2":"type-product","3":"status-publish","4":"has-post-thumbnail","6":"product_cat-deutz-fahr-prospekte","7":"product_cat-deutz_fahr","8":"product_cat-prospekte","9":"product_tag-fahr","10":"product_tag-geblaese","11":"product_tag-koela","12":"product_tag-prospekt","14":"first","15":"outofstock","16":"shipping-taxable","17":"purchasable","18":"product-type-simple"},"_links":{"self":[{"href":"https:\/\/www.agraritaeten-shop.com\/en\/wp-json\/wp\/v2\/product\/22017","targetHints":{"allow":["GET"]}}],"collection":[{"href":"https:\/\/www.agraritaeten-shop.com\/en\/wp-json\/wp\/v2\/product"}],"about":[{"href":"https:\/\/www.agraritaeten-shop.com\/en\/wp-json\/wp\/v2\/types\/product"}],"wp:featuredmedia":[{"embeddable":true,"href":"https:\/\/www.agraritaeten-shop.com\/en\/wp-json\/wp\/v2\/media\/21913"}],"wp:attachment":[{"href":"https:\/\/www.agraritaeten-shop.com\/en\/wp-json\/wp\/v2\/media?parent=22017"}],"wp:term":[{"taxonomy":"product_brand","embeddable":true,"href":"https:\/\/www.agraritaeten-shop.com\/en\/wp-json\/wp\/v2\/product_brand?post=22017"},{"taxonomy":"product_cat","embeddable":true,"href":"https:\/\/www.agraritaeten-shop.com\/en\/wp-json\/wp\/v2\/product_cat?post=22017"},{"taxonomy":"product_tag","embeddable":true,"href":"https:\/\/www.agraritaeten-shop.com\/en\/wp-json\/wp\/v2\/product_tag?post=22017"}],"curies":[{"name":"wp","href":"https:\/\/api.w.org\/{rel}","templated":true}]}}