{"id":22018,"date":"2025-10-22T15:55:31","date_gmt":"2025-10-22T13:55:31","guid":{"rendered":"https:\/\/www.agraritaeten-shop.com\/?post_type=product&#038;p=22018"},"modified":"2026-02-28T14:12:38","modified_gmt":"2026-02-28T13:12:38","slug":"fahr-prospekt-poster-hochdruckpressen-system-koela","status":"publish","type":"product","link":"https:\/\/www.agraritaeten-shop.com\/en\/shop\/prospekte\/deutz-fahr-prospekte\/fahr-prospekt-poster-hochdruckpressen-system-koela\/","title":{"rendered":"FAHR Prospekt\/Poster Hochdruckpressen System K\u00d6LA"},"content":{"rendered":"<h1><strong>original brochure\/poster<br \/>\n<\/strong><\/h1>\n<h2>FAHR Hochdruckpressen System K\u00d6LA<\/h2>\n<ul>\n<li>A4 format<\/li>\n<li>fold-out to 4 times its original size (poster!)<\/li>\n<li>German<\/li>\n<li>not punched<\/li>\n<li>used<\/li>\n<li>very good condition<\/li>\n<li>100% original<\/li>\n<li>Print No.: <em>5079\/708<\/em><\/li>\n<\/ul>","protected":false},"excerpt":{"rendered":"<p>original Prospekt\/Poster FAHR Hochdruckpressen System K\u00d6LA A4 Format ausklappbar zu 4fachen Gr\u00f6\u00dfe zum Poster Deutsch nicht gelocht gebraucht sehr guter Zustand 100% original DruckNr. 5079\/708<\/p>","protected":false},"featured_media":21912,"template":"","meta":[],"product_brand":[],"product_cat":[150,38,45],"product_tag":[606,275,248,186],"class_list":{"0":"post-22018","1":"product","2":"type-product","3":"status-publish","4":"has-post-thumbnail","6":"product_cat-deutz-fahr-prospekte","7":"product_cat-deutz_fahr","8":"product_cat-prospekte","9":"product_tag-fahr","10":"product_tag-koela","11":"product_tag-pressen","12":"product_tag-prospekt","14":"first","15":"instock","16":"shipping-taxable","17":"purchasable","18":"product-type-simple"},"_links":{"self":[{"href":"https:\/\/www.agraritaeten-shop.com\/en\/wp-json\/wp\/v2\/product\/22018","targetHints":{"allow":["GET"]}}],"collection":[{"href":"https:\/\/www.agraritaeten-shop.com\/en\/wp-json\/wp\/v2\/product"}],"about":[{"href":"https:\/\/www.agraritaeten-shop.com\/en\/wp-json\/wp\/v2\/types\/product"}],"wp:featuredmedia":[{"embeddable":true,"href":"https:\/\/www.agraritaeten-shop.com\/en\/wp-json\/wp\/v2\/media\/21912"}],"wp:attachment":[{"href":"https:\/\/www.agraritaeten-shop.com\/en\/wp-json\/wp\/v2\/media?parent=22018"}],"wp:term":[{"taxonomy":"product_brand","embeddable":true,"href":"https:\/\/www.agraritaeten-shop.com\/en\/wp-json\/wp\/v2\/product_brand?post=22018"},{"taxonomy":"product_cat","embeddable":true,"href":"https:\/\/www.agraritaeten-shop.com\/en\/wp-json\/wp\/v2\/product_cat?post=22018"},{"taxonomy":"product_tag","embeddable":true,"href":"https:\/\/www.agraritaeten-shop.com\/en\/wp-json\/wp\/v2\/product_tag?post=22018"}],"curies":[{"name":"wp","href":"https:\/\/api.w.org\/{rel}","templated":true}]}}