{"id":22089,"date":"2025-10-16T19:44:57","date_gmt":"2025-10-16T17:44:57","guid":{"rendered":"https:\/\/www.agraritaeten-shop.com\/?post_type=product&#038;p=22089"},"modified":"2026-02-28T14:26:04","modified_gmt":"2026-02-28T13:26:04","slug":"eicher-prospekt-geraetetraeger-kombi","status":"publish","type":"product","link":"https:\/\/www.agraritaeten-shop.com\/en\/shop\/prospekte\/prospekte_eicher\/eicher-prospekt-geraetetraeger-kombi\/","title":{"rendered":"EICHER Prospekt Ger\u00e4tetr\u00e4ger KOMBI"},"content":{"rendered":"<h1><strong>original brochure<br \/>\n<\/strong><\/h1>\n<h2>EICHER Ger\u00e4tetr\u00e4ger KOMBI<\/h2>\n<ul>\n<li>A4 format<\/li>\n<li>4 pages<\/li>\n<li>German<\/li>\n<li>used<\/li>\n<li>not punched<\/li>\n<li>slight use, damages on the cover page<\/li>\n<li>100% original<\/li>\n<li>Print No.: <em>Ex ED-K 21 6. 57 10. M\u00fcDr.<\/em><\/li>\n<\/ul>","protected":false},"excerpt":{"rendered":"<p>original Prospekt EICHER Ger\u00e4tetr\u00e4ger KOMBI A4 Format 4 Seiten Deutsch gebraucht nicht gelocht abgegriffener Zustand, Besch\u00e4digung auf der Titelseite 100% original DruckNr. Ex ED-K 21 6. 57 10. M\u00fcDr.<\/p>","protected":false},"featured_media":21991,"template":"","meta":[],"product_brand":[],"product_cat":[90,99,45],"product_tag":[518,665,186],"class_list":{"0":"post-22089","1":"product","2":"type-product","3":"status-publish","4":"has-post-thumbnail","6":"product_cat-eicher","7":"product_cat-prospekte_eicher","8":"product_cat-prospekte","9":"product_tag-eicher","10":"product_tag-geraetetraeger","11":"product_tag-prospekt","13":"first","14":"instock","15":"shipping-taxable","16":"purchasable","17":"product-type-simple"},"_links":{"self":[{"href":"https:\/\/www.agraritaeten-shop.com\/en\/wp-json\/wp\/v2\/product\/22089","targetHints":{"allow":["GET"]}}],"collection":[{"href":"https:\/\/www.agraritaeten-shop.com\/en\/wp-json\/wp\/v2\/product"}],"about":[{"href":"https:\/\/www.agraritaeten-shop.com\/en\/wp-json\/wp\/v2\/types\/product"}],"wp:featuredmedia":[{"embeddable":true,"href":"https:\/\/www.agraritaeten-shop.com\/en\/wp-json\/wp\/v2\/media\/21991"}],"wp:attachment":[{"href":"https:\/\/www.agraritaeten-shop.com\/en\/wp-json\/wp\/v2\/media?parent=22089"}],"wp:term":[{"taxonomy":"product_brand","embeddable":true,"href":"https:\/\/www.agraritaeten-shop.com\/en\/wp-json\/wp\/v2\/product_brand?post=22089"},{"taxonomy":"product_cat","embeddable":true,"href":"https:\/\/www.agraritaeten-shop.com\/en\/wp-json\/wp\/v2\/product_cat?post=22089"},{"taxonomy":"product_tag","embeddable":true,"href":"https:\/\/www.agraritaeten-shop.com\/en\/wp-json\/wp\/v2\/product_tag?post=22089"}],"curies":[{"name":"wp","href":"https:\/\/api.w.org\/{rel}","templated":true}]}}