{"id":22106,"date":"2025-10-16T23:54:21","date_gmt":"2025-10-16T21:54:21","guid":{"rendered":"https:\/\/www.agraritaeten-shop.com\/?post_type=product&#038;p=22106"},"modified":"2025-10-16T23:55:32","modified_gmt":"2025-10-16T21:55:32","slug":"daweke-gehl-prospekt-programmuebersicht","status":"publish","type":"product","link":"https:\/\/www.agraritaeten-shop.com\/en\/shop\/sonstige\/daweke-gehl-prospekt-programmuebersicht\/","title":{"rendered":"DAWEKE GEHL Prospekt Programm\u00fcbersicht"},"content":{"rendered":"<h1><span style=\"font-size: 100%;\"><strong>original brochure<\/strong><\/span><\/h1>\n<h1>DAWEKE GEHL Programm\u00fcbersicht<br \/>\n<span style=\"font-size: 75%;\">H\u00e4cksler, Gebl\u00e4se, Lader, M\u00fchlen, Mischer<\/span><\/h1>\n<ul>\n<li><span style=\"color: #000000;\">A4 format<\/span><\/li>\n<li>6 pages, fold-out<\/li>\n<li><span style=\"color: #000000;\">German<\/span><\/li>\n<li><span style=\"color: #000000;\">punched<\/span><\/li>\n<li><span style=\"color: #000000;\">used<\/span><\/li>\n<li><span style=\"color: #000000;\">very good condition<\/span><\/li>\n<li><span style=\"color: #000000;\">100% original<\/span><\/li>\n<\/ul>","protected":false},"excerpt":{"rendered":"<p>original Prospekt DAWEKE GEHL Programm\u00fcbersicht H\u00e4cksler, Gebl\u00e4se, Lader, M\u00fchlen, Mischer A4 Format 6 Seiten, ausklappbar Deutsch gelocht gebraucht sehr guter Zustand 100% original<\/p>","protected":false},"featured_media":21978,"template":"","meta":[],"product_brand":[],"product_cat":[123,45,132],"product_tag":[764,1044,298,1173,2108,436,500,186],"class_list":{"0":"post-22106","1":"product","2":"type-product","3":"status-publish","4":"has-post-thumbnail","6":"product_cat-sonstige","7":"product_cat-prospekte","8":"product_cat-sonstige-prospekte","9":"product_tag-geblaese","10":"product_tag-gehl","11":"product_tag-haecksler","12":"product_tag-lader","13":"product_tag-mischer","14":"product_tag-muehlen","15":"product_tag-programmuebersicht","16":"product_tag-prospekt","18":"first","19":"instock","20":"shipping-taxable","21":"purchasable","22":"product-type-simple"},"_links":{"self":[{"href":"https:\/\/www.agraritaeten-shop.com\/en\/wp-json\/wp\/v2\/product\/22106","targetHints":{"allow":["GET"]}}],"collection":[{"href":"https:\/\/www.agraritaeten-shop.com\/en\/wp-json\/wp\/v2\/product"}],"about":[{"href":"https:\/\/www.agraritaeten-shop.com\/en\/wp-json\/wp\/v2\/types\/product"}],"wp:featuredmedia":[{"embeddable":true,"href":"https:\/\/www.agraritaeten-shop.com\/en\/wp-json\/wp\/v2\/media\/21978"}],"wp:attachment":[{"href":"https:\/\/www.agraritaeten-shop.com\/en\/wp-json\/wp\/v2\/media?parent=22106"}],"wp:term":[{"taxonomy":"product_brand","embeddable":true,"href":"https:\/\/www.agraritaeten-shop.com\/en\/wp-json\/wp\/v2\/product_brand?post=22106"},{"taxonomy":"product_cat","embeddable":true,"href":"https:\/\/www.agraritaeten-shop.com\/en\/wp-json\/wp\/v2\/product_cat?post=22106"},{"taxonomy":"product_tag","embeddable":true,"href":"https:\/\/www.agraritaeten-shop.com\/en\/wp-json\/wp\/v2\/product_tag?post=22106"}],"curies":[{"name":"wp","href":"https:\/\/api.w.org\/{rel}","templated":true}]}}