{"id":22110,"date":"2025-10-17T23:55:47","date_gmt":"2025-10-17T21:55:47","guid":{"rendered":"https:\/\/www.agraritaeten-shop.com\/?post_type=product&#038;p=22110"},"modified":"2025-10-18T00:01:06","modified_gmt":"2025-10-17T22:01:06","slug":"dk-kaelteanlagen-prospekt-waermerueckgewinnung","status":"publish","type":"product","link":"https:\/\/www.agraritaeten-shop.com\/en\/shop\/prospekte\/sonstige-prospekte\/dk-kaelteanlagen-prospekt-waermerueckgewinnung\/","title":{"rendered":"DK-K\u00c4LTEANLAGEN Prospekt W\u00e4rmer\u00fcckgewinnung"},"content":{"rendered":"<h1><strong>original brochure<br \/>\n<\/strong><\/h1>\n<h2>DK-K\u00c4LTEANLAGEN<br \/>\nW\u00e4rmer\u00fcckgewinnung<\/h2>\n<ul>\n<li>A4 format<\/li>\n<li>4 pages<\/li>\n<li>German<\/li>\n<li>punched<\/li>\n<li>used<\/li>\n<li>very good condition<\/li>\n<li>100% original<\/li>\n<\/ul>","protected":false},"excerpt":{"rendered":"<p>original Prospekt DK-K\u00c4LTEANLAGEN W\u00e4rmer\u00fcckgewinnung A4 Format 4 Seiten Deutsch gelocht gebraucht sehr guter Zustand 100% original<\/p>","protected":false},"featured_media":21957,"template":"","meta":[],"product_brand":[],"product_cat":[45,132,123],"product_tag":[3164,3165,186,3163],"class_list":{"0":"post-22110","1":"product","2":"type-product","3":"status-publish","4":"has-post-thumbnail","6":"product_cat-prospekte","7":"product_cat-sonstige-prospekte","8":"product_cat-sonstige","9":"product_tag-dk","10":"product_tag-kaelteanlagen","11":"product_tag-prospekt","12":"product_tag-waermerueckgewinnung","14":"first","15":"instock","16":"shipping-taxable","17":"purchasable","18":"product-type-simple"},"_links":{"self":[{"href":"https:\/\/www.agraritaeten-shop.com\/en\/wp-json\/wp\/v2\/product\/22110","targetHints":{"allow":["GET"]}}],"collection":[{"href":"https:\/\/www.agraritaeten-shop.com\/en\/wp-json\/wp\/v2\/product"}],"about":[{"href":"https:\/\/www.agraritaeten-shop.com\/en\/wp-json\/wp\/v2\/types\/product"}],"wp:featuredmedia":[{"embeddable":true,"href":"https:\/\/www.agraritaeten-shop.com\/en\/wp-json\/wp\/v2\/media\/21957"}],"wp:attachment":[{"href":"https:\/\/www.agraritaeten-shop.com\/en\/wp-json\/wp\/v2\/media?parent=22110"}],"wp:term":[{"taxonomy":"product_brand","embeddable":true,"href":"https:\/\/www.agraritaeten-shop.com\/en\/wp-json\/wp\/v2\/product_brand?post=22110"},{"taxonomy":"product_cat","embeddable":true,"href":"https:\/\/www.agraritaeten-shop.com\/en\/wp-json\/wp\/v2\/product_cat?post=22110"},{"taxonomy":"product_tag","embeddable":true,"href":"https:\/\/www.agraritaeten-shop.com\/en\/wp-json\/wp\/v2\/product_tag?post=22110"}],"curies":[{"name":"wp","href":"https:\/\/api.w.org\/{rel}","templated":true}]}}