{"id":22199,"date":"2025-11-02T15:53:35","date_gmt":"2025-11-02T14:53:35","guid":{"rendered":"https:\/\/www.agraritaeten-shop.com\/?post_type=product&#038;p=22199"},"modified":"2026-02-27T21:59:48","modified_gmt":"2026-02-27T20:59:48","slug":"fahr-prospekt-poster-maehdrescher-m1000","status":"publish","type":"product","link":"https:\/\/www.agraritaeten-shop.com\/en\/shop\/prospekte\/deutz-fahr-prospekte\/fahr-prospekt-poster-maehdrescher-m1000\/","title":{"rendered":"FAHR Prospekt\/Poster M\u00e4hdrescher M1000"},"content":{"rendered":"<h1><strong>original brochure\/poster<br \/>\n<\/strong><\/h1>\n<h2>FAHR M\u00e4hdrescher M1000<\/h2>\n<ul>\n<li>A4 format<\/li>\n<li>fold-out to poster in 4 times its original size<\/li>\n<li>German<\/li>\n<li>not punched<\/li>\n<li>used<\/li>\n<li>very good condition<\/li>\n<li>100% original<\/li>\n<li>Print No.: <em>5058\/701<\/em><\/li>\n<\/ul>","protected":false},"excerpt":{"rendered":"<p>original Prospekt\/Poster FAHR M\u00e4hdrescher M1000 A4 Format ausklappbar zur 4fachen Gr\u00f6\u00dfe zum Poster Deutsch nicht gelocht gebraucht sehr guter Zustand 100% original DruckNr. 5058\/701<\/p>","protected":false},"featured_media":22180,"template":"","meta":[],"product_brand":[],"product_cat":[38,150,45],"product_tag":[301,606,189,186],"class_list":{"0":"post-22199","1":"product","2":"type-product","3":"status-publish","4":"has-post-thumbnail","6":"product_cat-deutz_fahr","7":"product_cat-deutz-fahr-prospekte","8":"product_cat-prospekte","9":"product_tag-deutz","10":"product_tag-fahr","11":"product_tag-maehdrescher","12":"product_tag-prospekt","14":"first","15":"instock","16":"shipping-taxable","17":"purchasable","18":"product-type-simple"},"_links":{"self":[{"href":"https:\/\/www.agraritaeten-shop.com\/en\/wp-json\/wp\/v2\/product\/22199","targetHints":{"allow":["GET"]}}],"collection":[{"href":"https:\/\/www.agraritaeten-shop.com\/en\/wp-json\/wp\/v2\/product"}],"about":[{"href":"https:\/\/www.agraritaeten-shop.com\/en\/wp-json\/wp\/v2\/types\/product"}],"wp:featuredmedia":[{"embeddable":true,"href":"https:\/\/www.agraritaeten-shop.com\/en\/wp-json\/wp\/v2\/media\/22180"}],"wp:attachment":[{"href":"https:\/\/www.agraritaeten-shop.com\/en\/wp-json\/wp\/v2\/media?parent=22199"}],"wp:term":[{"taxonomy":"product_brand","embeddable":true,"href":"https:\/\/www.agraritaeten-shop.com\/en\/wp-json\/wp\/v2\/product_brand?post=22199"},{"taxonomy":"product_cat","embeddable":true,"href":"https:\/\/www.agraritaeten-shop.com\/en\/wp-json\/wp\/v2\/product_cat?post=22199"},{"taxonomy":"product_tag","embeddable":true,"href":"https:\/\/www.agraritaeten-shop.com\/en\/wp-json\/wp\/v2\/product_tag?post=22199"}],"curies":[{"name":"wp","href":"https:\/\/api.w.org\/{rel}","templated":true}]}}