{"id":22330,"date":"2025-10-25T20:52:57","date_gmt":"2025-10-25T18:52:57","guid":{"rendered":"https:\/\/www.agraritaeten-shop.com\/?post_type=product&#038;p=22330"},"modified":"2025-10-25T20:56:42","modified_gmt":"2025-10-25T18:56:42","slug":"duraeumat-prospekt-stalleinrichtungen","status":"publish","type":"product","link":"https:\/\/www.agraritaeten-shop.com\/en\/shop\/prospekte\/sonstige-prospekte\/duraeumat-prospekt-stalleinrichtungen\/","title":{"rendered":"DUR\u00c4UMAT Prospekt Stalleinrichtungen"},"content":{"rendered":"<h1><strong>original brochure<br \/>\n<\/strong><\/h1>\n<h2>DUR\u00c4UMAT Stalleinrichtungen<br \/>\nRohrkettenanlagen, Rohrkettenf\u00f6rderanlagen, Au\u00dfensilos, Futterf\u00f6rderanlagen<\/h2>\n<ul>\n<li>A4 format<\/li>\n<li>4 pages<\/li>\n<li>German<\/li>\n<li>punched<\/li>\n<li>used<\/li>\n<li>very good condition<\/li>\n<li>100% original<\/li>\n<\/ul>","protected":false},"excerpt":{"rendered":"<p>original Prospekt DUR\u00c4UMAT Stalleinrichtungen Rohrkettenanlagen, Rohrkettenf\u00f6rderanlagen, Au\u00dfensilos, Futterf\u00f6rderanlagen A4 Format 4 Seiten Deutsch gelocht gebraucht sehr guter Zustand 100% original<\/p>","protected":false},"featured_media":22269,"template":"","meta":[],"product_brand":[],"product_cat":[45,123,132],"product_tag":[3189,3192,186,3190,3191,1882,1066,1979],"class_list":{"0":"post-22330","1":"product","2":"type-product","3":"status-publish","4":"has-post-thumbnail","6":"product_cat-prospekte","7":"product_cat-sonstige","8":"product_cat-sonstige-prospekte","9":"product_tag-duraeumat","10":"product_tag-futterfoerderanlagen","11":"product_tag-prospekt","12":"product_tag-rohrkettenanlagen","13":"product_tag-rohrkettenfoerderanlagen","14":"product_tag-schweinestall","15":"product_tag-silos","16":"product_tag-stalleinrichtungen","18":"first","19":"instock","20":"shipping-taxable","21":"purchasable","22":"product-type-simple"},"_links":{"self":[{"href":"https:\/\/www.agraritaeten-shop.com\/en\/wp-json\/wp\/v2\/product\/22330","targetHints":{"allow":["GET"]}}],"collection":[{"href":"https:\/\/www.agraritaeten-shop.com\/en\/wp-json\/wp\/v2\/product"}],"about":[{"href":"https:\/\/www.agraritaeten-shop.com\/en\/wp-json\/wp\/v2\/types\/product"}],"wp:featuredmedia":[{"embeddable":true,"href":"https:\/\/www.agraritaeten-shop.com\/en\/wp-json\/wp\/v2\/media\/22269"}],"wp:attachment":[{"href":"https:\/\/www.agraritaeten-shop.com\/en\/wp-json\/wp\/v2\/media?parent=22330"}],"wp:term":[{"taxonomy":"product_brand","embeddable":true,"href":"https:\/\/www.agraritaeten-shop.com\/en\/wp-json\/wp\/v2\/product_brand?post=22330"},{"taxonomy":"product_cat","embeddable":true,"href":"https:\/\/www.agraritaeten-shop.com\/en\/wp-json\/wp\/v2\/product_cat?post=22330"},{"taxonomy":"product_tag","embeddable":true,"href":"https:\/\/www.agraritaeten-shop.com\/en\/wp-json\/wp\/v2\/product_tag?post=22330"}],"curies":[{"name":"wp","href":"https:\/\/api.w.org\/{rel}","templated":true}]}}