{"id":22555,"date":"2025-12-02T11:33:23","date_gmt":"2025-12-02T10:33:23","guid":{"rendered":"https:\/\/www.agraritaeten-shop.com\/?post_type=product&#038;p=22555"},"modified":"2026-02-27T20:14:09","modified_gmt":"2026-02-27T19:14:09","slug":"westfalia-prospekt-separator-maschinensaetze-rps","status":"publish","type":"product","link":"https:\/\/www.agraritaeten-shop.com\/en\/shop\/prospekte\/sonstige-prospekte\/westfalia-prospekt-separator-maschinensaetze-rps\/","title":{"rendered":"WESTFALIA Prospekt Separator Maschinens\u00e4tze RPS"},"content":{"rendered":"<h1><strong>original brochure<br \/>\n<\/strong><\/h1>\n<h2>WESTFALIA<br \/>\nSeparator Maschinens\u00e4tze RPS<br \/>\nf\u00fcr Melkanlagen<\/h2>\n<ul>\n<li>A4 format<\/li>\n<li>1 sheet, printed on both sides<\/li>\n<li>German, English, French, Italian, Dutch, Spanish<\/li>\n<li>not punched<\/li>\n<li>used<\/li>\n<li>very good condition<\/li>\n<li>100% original<\/li>\n<li>Print No.: <em>9997-8307-000\/0287 Fe<\/em><\/li>\n<\/ul>","protected":false},"excerpt":{"rendered":"<p>original Prospekt WESTFALIA Separator Maschinens\u00e4tze RPS f\u00fcr Melkanlagen A4 Format 1 Blatt, beidseitig bedruckt Deutsch, Englisch, Franz\u00f6sisch, Italienisch, Niederl\u00e4ndisch, Spanisch nicht gelocht gebraucht sehr guter Zustand 100% original DruckNr. 9997-8307-000\/0287 Fe<\/p>","protected":false},"featured_media":22431,"template":"","meta":[],"product_brand":[],"product_cat":[45,123,132],"product_tag":[1278,3066,3067,186,2553,3210],"class_list":{"0":"post-22555","1":"product","2":"type-product","3":"status-publish","4":"has-post-thumbnail","6":"product_cat-prospekte","7":"product_cat-sonstige","8":"product_cat-sonstige-prospekte","9":"product_tag-melkanlagen","10":"product_tag-milch","11":"product_tag-milchwirtschaft","12":"product_tag-prospekt","13":"product_tag-separator","14":"product_tag-westfalia","16":"first","17":"instock","18":"shipping-taxable","19":"purchasable","20":"product-type-simple"},"_links":{"self":[{"href":"https:\/\/www.agraritaeten-shop.com\/en\/wp-json\/wp\/v2\/product\/22555","targetHints":{"allow":["GET"]}}],"collection":[{"href":"https:\/\/www.agraritaeten-shop.com\/en\/wp-json\/wp\/v2\/product"}],"about":[{"href":"https:\/\/www.agraritaeten-shop.com\/en\/wp-json\/wp\/v2\/types\/product"}],"wp:featuredmedia":[{"embeddable":true,"href":"https:\/\/www.agraritaeten-shop.com\/en\/wp-json\/wp\/v2\/media\/22431"}],"wp:attachment":[{"href":"https:\/\/www.agraritaeten-shop.com\/en\/wp-json\/wp\/v2\/media?parent=22555"}],"wp:term":[{"taxonomy":"product_brand","embeddable":true,"href":"https:\/\/www.agraritaeten-shop.com\/en\/wp-json\/wp\/v2\/product_brand?post=22555"},{"taxonomy":"product_cat","embeddable":true,"href":"https:\/\/www.agraritaeten-shop.com\/en\/wp-json\/wp\/v2\/product_cat?post=22555"},{"taxonomy":"product_tag","embeddable":true,"href":"https:\/\/www.agraritaeten-shop.com\/en\/wp-json\/wp\/v2\/product_tag?post=22555"}],"curies":[{"name":"wp","href":"https:\/\/api.w.org\/{rel}","templated":true}]}}