{"id":22587,"date":"2025-11-03T10:20:54","date_gmt":"2025-11-03T09:20:54","guid":{"rendered":"https:\/\/www.agraritaeten-shop.com\/?post_type=product&#038;p=22587"},"modified":"2026-02-27T21:56:39","modified_gmt":"2026-02-27T20:56:39","slug":"veb-doebeln-prospekt-schwenkkran-roder-ruebenkoepfschlitten-ruebenroder","status":"publish","type":"product","link":"https:\/\/www.agraritaeten-shop.com\/en\/shop\/prospekte\/prospekte_fortschritt\/veb-doebeln-prospekt-schwenkkran-roder-ruebenkoepfschlitten-ruebenroder\/","title":{"rendered":"VEB D\u00d6BELN Prospekt Schwenkkran, Roder, R\u00fcbenk\u00f6pfschlitten, R\u00fcbenroder"},"content":{"rendered":"<h1><strong>original brochure<\/strong><\/h1>\n<h1>VEB Landmaschinenbau Rotes Banner D\u00d6BELN<br \/>\nSchwenkkran, Schleuderradroder, R\u00fcbenk\u00f6pfschlitten, R\u00fcbenrodek\u00f6rper<\/h1>\n<ul>\n<li>A4 landscape format<\/li>\n<li>6 pages<\/li>\n<li>German<\/li>\n<li>punched<\/li>\n<li>used<\/li>\n<li>slightly worn for its age, but well-preserved<\/li>\n<li>100% original<\/li>\n<li>Print No.: <em>III\/18\/97 Ag 50\/III\/179\/58\/DDR<\/em><\/li>\n<\/ul>","protected":false},"excerpt":{"rendered":"<p>original Prospekt VEB Landmaschinenbau Rotes Banner D\u00d6BELN Schwenkkran, Schleuderradroder, R\u00fcbenk\u00f6pfschlitten, R\u00fcbenrodek\u00f6rper A4 Querformat 6 Seiten Deutsch gelocht gebraucht dem Alter engsprechend etwas abgegriffen, aber gut erhalten 100% original DruckNr. III\/18\/97 Ag 50\/III\/179\/58\/DDR<\/p>","protected":false},"featured_media":22468,"template":"","meta":[],"product_brand":[],"product_cat":[133,668,45,132,123],"product_tag":[3224,1397,186,1419,3222,3223,2724,3225,3221,705],"class_list":{"0":"post-22587","1":"product","2":"type-product","3":"status-publish","4":"has-post-thumbnail","6":"product_cat-fortschritt","7":"product_cat-prospekte_fortschritt","8":"product_cat-prospekte","9":"product_cat-sonstige-prospekte","10":"product_cat-sonstige","11":"product_tag-doebeln","12":"product_tag-kran","13":"product_tag-prospekt","14":"product_tag-roder","15":"product_tag-ruebenkoepfschlitten","16":"product_tag-ruebenrodekoerper","17":"product_tag-schleuderradroder","18":"product_tag-schlitten","19":"product_tag-schwenkkran","20":"product_tag-veb","22":"first","23":"instock","24":"shipping-taxable","25":"purchasable","26":"product-type-simple"},"_links":{"self":[{"href":"https:\/\/www.agraritaeten-shop.com\/en\/wp-json\/wp\/v2\/product\/22587","targetHints":{"allow":["GET"]}}],"collection":[{"href":"https:\/\/www.agraritaeten-shop.com\/en\/wp-json\/wp\/v2\/product"}],"about":[{"href":"https:\/\/www.agraritaeten-shop.com\/en\/wp-json\/wp\/v2\/types\/product"}],"wp:featuredmedia":[{"embeddable":true,"href":"https:\/\/www.agraritaeten-shop.com\/en\/wp-json\/wp\/v2\/media\/22468"}],"wp:attachment":[{"href":"https:\/\/www.agraritaeten-shop.com\/en\/wp-json\/wp\/v2\/media?parent=22587"}],"wp:term":[{"taxonomy":"product_brand","embeddable":true,"href":"https:\/\/www.agraritaeten-shop.com\/en\/wp-json\/wp\/v2\/product_brand?post=22587"},{"taxonomy":"product_cat","embeddable":true,"href":"https:\/\/www.agraritaeten-shop.com\/en\/wp-json\/wp\/v2\/product_cat?post=22587"},{"taxonomy":"product_tag","embeddable":true,"href":"https:\/\/www.agraritaeten-shop.com\/en\/wp-json\/wp\/v2\/product_tag?post=22587"}],"curies":[{"name":"wp","href":"https:\/\/api.w.org\/{rel}","templated":true}]}}