{"id":22720,"date":"2025-11-08T12:42:50","date_gmt":"2025-11-08T11:42:50","guid":{"rendered":"https:\/\/www.agraritaeten-shop.com\/?post_type=product&#038;p=22720"},"modified":"2025-11-08T13:06:10","modified_gmt":"2025-11-08T12:06:10","slug":"wissekerke-prospekt-boeschungsmaeher-niederlaendisch","status":"publish","type":"product","link":"https:\/\/www.agraritaeten-shop.com\/en\/shop\/prospekte\/sonstige-prospekte\/wissekerke-prospekt-boeschungsmaeher-niederlaendisch\/","title":{"rendered":"WISSEKERKE Prospekt B\u00f6schungsm\u00e4her (Niederl\u00e4ndisch)"},"content":{"rendered":"<h1><strong>original brochure<br \/>\n<\/strong><\/h1>\n<h2>WISSEKERKE B\u00f6schungsm\u00e4her<br \/>\n&#8222;Taludmaaier&#8220;<\/h2>\n<ul>\n<li>A4 format<\/li>\n<li>4 pages<\/li>\n<li><strong>Dutch!<\/strong><\/li>\n<li>not punched<\/li>\n<li>used<\/li>\n<li>very good condition<\/li>\n<li>100% original<\/li>\n<\/ul>","protected":false},"excerpt":{"rendered":"<p>original Prospekt WISSEKERKE B\u00f6schungsm\u00e4her &#8222;Taludmaaier&#8220; A4 Format 4 Seiten Niederl\u00e4ndisch! nicht gelocht gebraucht sehr guter Zustand 100% original<\/p>","protected":false},"featured_media":22660,"template":"","meta":[],"product_brand":[],"product_cat":[45,123,132],"product_tag":[3231,262,186,3232,3230],"class_list":{"0":"post-22720","1":"product","2":"type-product","3":"status-publish","4":"has-post-thumbnail","6":"product_cat-prospekte","7":"product_cat-sonstige","8":"product_cat-sonstige-prospekte","9":"product_tag-boeschungsmaeher","10":"product_tag-maeher","11":"product_tag-prospekt","12":"product_tag-taludmaaier","13":"product_tag-wissekerke","15":"first","16":"instock","17":"shipping-taxable","18":"purchasable","19":"product-type-simple"},"_links":{"self":[{"href":"https:\/\/www.agraritaeten-shop.com\/en\/wp-json\/wp\/v2\/product\/22720","targetHints":{"allow":["GET"]}}],"collection":[{"href":"https:\/\/www.agraritaeten-shop.com\/en\/wp-json\/wp\/v2\/product"}],"about":[{"href":"https:\/\/www.agraritaeten-shop.com\/en\/wp-json\/wp\/v2\/types\/product"}],"wp:featuredmedia":[{"embeddable":true,"href":"https:\/\/www.agraritaeten-shop.com\/en\/wp-json\/wp\/v2\/media\/22660"}],"wp:attachment":[{"href":"https:\/\/www.agraritaeten-shop.com\/en\/wp-json\/wp\/v2\/media?parent=22720"}],"wp:term":[{"taxonomy":"product_brand","embeddable":true,"href":"https:\/\/www.agraritaeten-shop.com\/en\/wp-json\/wp\/v2\/product_brand?post=22720"},{"taxonomy":"product_cat","embeddable":true,"href":"https:\/\/www.agraritaeten-shop.com\/en\/wp-json\/wp\/v2\/product_cat?post=22720"},{"taxonomy":"product_tag","embeddable":true,"href":"https:\/\/www.agraritaeten-shop.com\/en\/wp-json\/wp\/v2\/product_tag?post=22720"}],"curies":[{"name":"wp","href":"https:\/\/api.w.org\/{rel}","templated":true}]}}