{"id":22752,"date":"2025-11-08T22:31:50","date_gmt":"2025-11-08T21:31:50","guid":{"rendered":"https:\/\/www.agraritaeten-shop.com\/?post_type=product&#038;p=22752"},"modified":"2025-11-08T22:36:13","modified_gmt":"2025-11-08T21:36:13","slug":"gaspardo-prospekt-verkaufs-programm","status":"publish","type":"product","link":"https:\/\/www.agraritaeten-shop.com\/en\/shop\/prospekte\/sonstige-prospekte\/gaspardo-prospekt-verkaufs-programm\/","title":{"rendered":"GASPARDO Prospekt Verkaufs-Programm"},"content":{"rendered":"<h1><strong>original brochure<br \/>\n<\/strong><\/h1>\n<h2>GASPARDO Verkaufs-Programm<br \/>\n<span style=\"font-size: 75%;\">Einzelkorns\u00e4maschine, Maiss\u00e4maschine, D\u00fcnger- und Mikrogranulatstreuer<br \/>\nHackmaschine, M\u00e4hwerk, Rechwender<\/span><\/h2>\n<ul>\n<li>A4 format<\/li>\n<li>Fold-out brochure with 6 pages<\/li>\n<li>German<\/li>\n<li>not punched<\/li>\n<li>used<\/li>\n<li>very good condition<\/li>\n<li>100% original<\/li>\n<\/ul>","protected":false},"excerpt":{"rendered":"<p>original Prospekt GASPARDO Verkaufs-Programm Einzelkorns\u00e4maschine, Maiss\u00e4maschine, D\u00fcnger- und Mikrogranulatstreuer Hackmaschine, M\u00e4hwerk, Rechwender A4 Format 6 Seiten ausklappbar Deutsch nicht gelocht gebraucht sehr guter Zustand 100% original<\/p>","protected":false},"featured_media":22628,"template":"","meta":[],"product_brand":[],"product_cat":[45,123,132],"product_tag":[1015,3238,492,303,186,1385,870,1241],"class_list":{"0":"post-22752","1":"product","2":"type-product","3":"status-publish","4":"has-post-thumbnail","6":"product_cat-prospekte","7":"product_cat-sonstige","8":"product_cat-sonstige-prospekte","9":"product_tag-gaspardo","10":"product_tag-hackmaschine","11":"product_tag-maehwerk","12":"product_tag-programm","13":"product_tag-prospekt","14":"product_tag-rechwender","15":"product_tag-saemaschinen","16":"product_tag-streuer","18":"first","19":"instock","20":"shipping-taxable","21":"purchasable","22":"product-type-simple"},"_links":{"self":[{"href":"https:\/\/www.agraritaeten-shop.com\/en\/wp-json\/wp\/v2\/product\/22752","targetHints":{"allow":["GET"]}}],"collection":[{"href":"https:\/\/www.agraritaeten-shop.com\/en\/wp-json\/wp\/v2\/product"}],"about":[{"href":"https:\/\/www.agraritaeten-shop.com\/en\/wp-json\/wp\/v2\/types\/product"}],"wp:featuredmedia":[{"embeddable":true,"href":"https:\/\/www.agraritaeten-shop.com\/en\/wp-json\/wp\/v2\/media\/22628"}],"wp:attachment":[{"href":"https:\/\/www.agraritaeten-shop.com\/en\/wp-json\/wp\/v2\/media?parent=22752"}],"wp:term":[{"taxonomy":"product_brand","embeddable":true,"href":"https:\/\/www.agraritaeten-shop.com\/en\/wp-json\/wp\/v2\/product_brand?post=22752"},{"taxonomy":"product_cat","embeddable":true,"href":"https:\/\/www.agraritaeten-shop.com\/en\/wp-json\/wp\/v2\/product_cat?post=22752"},{"taxonomy":"product_tag","embeddable":true,"href":"https:\/\/www.agraritaeten-shop.com\/en\/wp-json\/wp\/v2\/product_tag?post=22752"}],"curies":[{"name":"wp","href":"https:\/\/api.w.org\/{rel}","templated":true}]}}