{"id":22759,"date":"2025-11-09T10:54:40","date_gmt":"2025-11-09T09:54:40","guid":{"rendered":"https:\/\/www.agraritaeten-shop.com\/?post_type=product&#038;p=22759"},"modified":"2026-02-27T21:49:38","modified_gmt":"2026-02-27T20:49:38","slug":"heywang-prospekt-verkaufs-programm","status":"publish","type":"product","link":"https:\/\/www.agraritaeten-shop.com\/en\/shop\/prospekte\/sonstige-prospekte\/heywang-prospekt-verkaufs-programm\/","title":{"rendered":"HEYWANG Prospekt Verkaufs-Programm"},"content":{"rendered":"<h1><strong><span style=\"font-size: 100%;\">original <\/span>brochure<br \/>\n<\/strong><\/h1>\n<h2>HEYWANG Verkaufs-Programm<br \/>\n<span style=\"font-size: 75%;\">Dungstreuer, Kipper, Hochdruckaufsammelpresse, H\u00e4cksler, Ladewagen, Spr\u00fchger\u00e4te, Lader, Ballenf\u00f6rderer, Vakuum-Fa\u00dfwagen<\/span><\/h2>\n<ul>\n<li>A4 format<\/li>\n<li>4 pages<\/li>\n<li>German<\/li>\n<li>not punched<\/li>\n<li>used<\/li>\n<li>very good condition<\/li>\n<li>100% original<\/li>\n<li>Print No.: <em>10 6 74<\/em><\/li>\n<\/ul>","protected":false},"excerpt":{"rendered":"<p>original Prospekt HEYWANG Verkaufs-Programm Dungstreuer, Kipper, Hochdruckaufsammelpresse, H\u00e4cksler, Ladewagen, Spr\u00fchger\u00e4te, Lader, Ballenf\u00f6rderer, Vakuum-Fa\u00dfwagen A4 Format 4 Seiten Deutsch nicht gelocht gebraucht sehr guter Zustand 100% original DruckNr. 10 6 74<\/p>","protected":false},"featured_media":22639,"template":"","meta":[],"product_brand":[],"product_cat":[45,123,132],"product_tag":[2160,1758,810,298,3244,568,1173,307,248,303,186,3011,3245],"class_list":{"0":"post-22759","1":"product","2":"type-product","3":"status-publish","4":"has-post-thumbnail","6":"product_cat-prospekte","7":"product_cat-sonstige","8":"product_cat-sonstige-prospekte","9":"product_tag-ballenfoerderer","10":"product_tag-dungstreuer","11":"product_tag-faesser","12":"product_tag-haecksler","13":"product_tag-heywang","14":"product_tag-kipper","15":"product_tag-lader","16":"product_tag-ladewagen","17":"product_tag-pressen","18":"product_tag-programm","19":"product_tag-prospekt","20":"product_tag-spruehgeraete","21":"product_tag-verkaufs","23":"first","24":"instock","25":"shipping-taxable","26":"purchasable","27":"product-type-simple"},"_links":{"self":[{"href":"https:\/\/www.agraritaeten-shop.com\/en\/wp-json\/wp\/v2\/product\/22759","targetHints":{"allow":["GET"]}}],"collection":[{"href":"https:\/\/www.agraritaeten-shop.com\/en\/wp-json\/wp\/v2\/product"}],"about":[{"href":"https:\/\/www.agraritaeten-shop.com\/en\/wp-json\/wp\/v2\/types\/product"}],"wp:featuredmedia":[{"embeddable":true,"href":"https:\/\/www.agraritaeten-shop.com\/en\/wp-json\/wp\/v2\/media\/22639"}],"wp:attachment":[{"href":"https:\/\/www.agraritaeten-shop.com\/en\/wp-json\/wp\/v2\/media?parent=22759"}],"wp:term":[{"taxonomy":"product_brand","embeddable":true,"href":"https:\/\/www.agraritaeten-shop.com\/en\/wp-json\/wp\/v2\/product_brand?post=22759"},{"taxonomy":"product_cat","embeddable":true,"href":"https:\/\/www.agraritaeten-shop.com\/en\/wp-json\/wp\/v2\/product_cat?post=22759"},{"taxonomy":"product_tag","embeddable":true,"href":"https:\/\/www.agraritaeten-shop.com\/en\/wp-json\/wp\/v2\/product_tag?post=22759"}],"curies":[{"name":"wp","href":"https:\/\/api.w.org\/{rel}","templated":true}]}}