{"id":22789,"date":"2025-11-09T16:40:34","date_gmt":"2025-11-09T15:40:34","guid":{"rendered":"https:\/\/www.agraritaeten-shop.com\/?post_type=product&#038;p=22789"},"modified":"2026-02-27T21:48:36","modified_gmt":"2026-02-27T20:48:36","slug":"wsw-winkelstraeter-prospekt-motor-geblaese-spritz-staeuber","status":"publish","type":"product","link":"https:\/\/www.agraritaeten-shop.com\/en\/shop\/prospekte\/sonstige-prospekte\/wsw-winkelstraeter-prospekt-motor-geblaese-spritz-staeuber\/","title":{"rendered":"WSW WINKELSTR\u00c4TER Prospekt Motor-Gebl\u00e4se-Spritz-St\u00e4uber"},"content":{"rendered":"<h1><strong>original brochure<br \/>\n<\/strong><\/h1>\n<h2>WSW Gebr. WINKELSTR\u00c4TER<br \/>\nMotor-Gebl\u00e4se-Spritz-St\u00e4uber<\/h2>\n<ul>\n<li>A4 format<\/li>\n<li>4 pages<\/li>\n<li>German<\/li>\n<li>punched<\/li>\n<li>used<\/li>\n<li>very good condition<\/li>\n<li>100% original<\/li>\n<li>Print No.: <em>St. 2000.<\/em><\/li>\n<\/ul>","protected":false},"excerpt":{"rendered":"<p>original Prospekt WSW Gebr. WINKELSTR\u00c4TER Motor-Gebl\u00e4se-Spritz-St\u00e4uber A4 Format 4 Seiten Deutsch gelocht gebraucht sehr guter Zustand 100% original DruckNr. St. 2000.<\/p>","protected":false},"featured_media":22664,"template":"","meta":[],"product_brand":[],"product_cat":[45,123,132],"product_tag":[764,186,1020,3249,3248,3247],"class_list":{"0":"post-22789","1":"product","2":"type-product","3":"status-publish","4":"has-post-thumbnail","6":"product_cat-prospekte","7":"product_cat-sonstige","8":"product_cat-sonstige-prospekte","9":"product_tag-geblaese","10":"product_tag-prospekt","11":"product_tag-spritzen","12":"product_tag-staeuber","13":"product_tag-winkelstraeter","14":"product_tag-wsw","16":"first","17":"instock","18":"shipping-taxable","19":"purchasable","20":"product-type-simple"},"_links":{"self":[{"href":"https:\/\/www.agraritaeten-shop.com\/en\/wp-json\/wp\/v2\/product\/22789","targetHints":{"allow":["GET"]}}],"collection":[{"href":"https:\/\/www.agraritaeten-shop.com\/en\/wp-json\/wp\/v2\/product"}],"about":[{"href":"https:\/\/www.agraritaeten-shop.com\/en\/wp-json\/wp\/v2\/types\/product"}],"wp:featuredmedia":[{"embeddable":true,"href":"https:\/\/www.agraritaeten-shop.com\/en\/wp-json\/wp\/v2\/media\/22664"}],"wp:attachment":[{"href":"https:\/\/www.agraritaeten-shop.com\/en\/wp-json\/wp\/v2\/media?parent=22789"}],"wp:term":[{"taxonomy":"product_brand","embeddable":true,"href":"https:\/\/www.agraritaeten-shop.com\/en\/wp-json\/wp\/v2\/product_brand?post=22789"},{"taxonomy":"product_cat","embeddable":true,"href":"https:\/\/www.agraritaeten-shop.com\/en\/wp-json\/wp\/v2\/product_cat?post=22789"},{"taxonomy":"product_tag","embeddable":true,"href":"https:\/\/www.agraritaeten-shop.com\/en\/wp-json\/wp\/v2\/product_tag?post=22789"}],"curies":[{"name":"wp","href":"https:\/\/api.w.org\/{rel}","templated":true}]}}