{"id":22931,"date":"2025-12-10T13:41:41","date_gmt":"2025-12-10T12:41:41","guid":{"rendered":"https:\/\/www.agraritaeten-shop.com\/?post_type=product&#038;p=22931"},"modified":"2025-12-14T09:47:29","modified_gmt":"2025-12-14T08:47:29","slug":"cramer-prospekt-geraetereihe","status":"publish","type":"product","link":"https:\/\/www.agraritaeten-shop.com\/en\/shop\/prospekte\/sonstige-prospekte\/cramer-prospekt-geraetereihe\/","title":{"rendered":"CRAMER Prospekt Ger\u00e4tereihe"},"content":{"rendered":"<h1><strong>original brochure<br \/>\n<\/strong><\/h1>\n<h2>Maschinenfabrik CRAMER<br \/>\nGer\u00e4tereihe<br \/>\n<span style=\"font-size: 75%;\">Kartofellbau, R\u00fcben- und Gem\u00fcsebau, Saatbettbereitung<\/span><\/h2>\n<ul>\n<li>A4 format<\/li>\n<li>Fold-out brochure with 6 pages<\/li>\n<li>German<\/li>\n<li>punched<\/li>\n<li>used<\/li>\n<li>very good condition<\/li>\n<li>100% original<\/li>\n<li>DruckNr. 958 I\/60 GF(2. Aufl)<\/li>\n<li>Datums-Stempel: Mai 1960<\/li>\n<\/ul>","protected":false},"excerpt":{"rendered":"<p>original Prospekt Maschinenfabrik CRAMER Ger\u00e4tereihe Kartofellbau, R\u00fcben- und Gem\u00fcsebau, Saatbettbereitung A4 Format 6 Seiten ausklappbar Deutsch gelocht gebraucht sehr guter Zustand 100% original DruckNr. 958 I\/60 GF(2. Aufl) Datums-Stempel: Mai 1960<\/p>","protected":false},"featured_media":22797,"template":"","meta":[],"product_brand":[],"product_cat":[45,123,132],"product_tag":[1351,3111,1107,438,3251,186,1248],"class_list":{"0":"post-22931","1":"product","2":"type-product","3":"status-publish","4":"has-post-thumbnail","6":"product_cat-prospekte","7":"product_cat-sonstige","8":"product_cat-sonstige-prospekte","9":"product_tag-bodenbearbeitung","10":"product_tag-cramer","11":"product_tag-gemuesebau","12":"product_tag-geraetereihe","13":"product_tag-kartofellbau","14":"product_tag-prospekt","15":"product_tag-saatbettbereitung","17":"first","18":"outofstock","19":"shipping-taxable","20":"purchasable","21":"product-type-simple"},"_links":{"self":[{"href":"https:\/\/www.agraritaeten-shop.com\/en\/wp-json\/wp\/v2\/product\/22931","targetHints":{"allow":["GET"]}}],"collection":[{"href":"https:\/\/www.agraritaeten-shop.com\/en\/wp-json\/wp\/v2\/product"}],"about":[{"href":"https:\/\/www.agraritaeten-shop.com\/en\/wp-json\/wp\/v2\/types\/product"}],"wp:featuredmedia":[{"embeddable":true,"href":"https:\/\/www.agraritaeten-shop.com\/en\/wp-json\/wp\/v2\/media\/22797"}],"wp:attachment":[{"href":"https:\/\/www.agraritaeten-shop.com\/en\/wp-json\/wp\/v2\/media?parent=22931"}],"wp:term":[{"taxonomy":"product_brand","embeddable":true,"href":"https:\/\/www.agraritaeten-shop.com\/en\/wp-json\/wp\/v2\/product_brand?post=22931"},{"taxonomy":"product_cat","embeddable":true,"href":"https:\/\/www.agraritaeten-shop.com\/en\/wp-json\/wp\/v2\/product_cat?post=22931"},{"taxonomy":"product_tag","embeddable":true,"href":"https:\/\/www.agraritaeten-shop.com\/en\/wp-json\/wp\/v2\/product_tag?post=22931"}],"curies":[{"name":"wp","href":"https:\/\/api.w.org\/{rel}","templated":true}]}}