{"id":22935,"date":"2025-11-29T17:23:14","date_gmt":"2025-11-29T16:23:14","guid":{"rendered":"https:\/\/www.agraritaeten-shop.com\/?post_type=product&#038;p=22935"},"modified":"2025-11-30T09:34:54","modified_gmt":"2025-11-30T08:34:54","slug":"cramer-prospekt-geraetereihe-2","status":"publish","type":"product","link":"https:\/\/www.agraritaeten-shop.com\/en\/shop\/prospekte\/sonstige-prospekte\/cramer-prospekt-geraetereihe-2\/","title":{"rendered":"CRAMER Prospekt Ger\u00e4tereihe"},"content":{"rendered":"<h1><strong>original brochure<br \/>\n<\/strong><\/h1>\n<h2>Maschinenfabrik CRAMER<br \/>\nGer\u00e4tereihe<br \/>\n<span style=\"font-size: 75%;\">Kartoffel-Legeautomat, H\u00e4ufelger\u00e4t, Hackger\u00e4t, R\u00fcbenhackmaschine<\/span><\/h2>\n<ul>\n<li>A4 format<\/li>\n<li>1 sheet, printed on both sides<\/li>\n<li>German<\/li>\n<li>punched<\/li>\n<li>used<\/li>\n<li>slightly used, but well-preserved<\/li>\n<li>100% original<\/li>\n<li>DruckNr. 983 XII 59 EDD<\/li>\n<\/ul>","protected":false},"excerpt":{"rendered":"<p>original Prospekt Maschinenfabrik CRAMER Ger\u00e4tereihe Kartoffel-Legeautomat, H\u00e4ufelger\u00e4t, Hackger\u00e4t, R\u00fcbenhackmaschine A4 Format 1 Blatt, beidseitig bedruckt Deutsch gelocht gebraucht minimal abgegriffen, aber gut erhalten 100% original DruckNr. 983 XII 59 EDD<\/p>","protected":false},"featured_media":22799,"template":"","meta":[],"product_brand":[],"product_cat":[45,123,132],"product_tag":[1351,3111,1653,3029,3251,3252,186,802],"class_list":{"0":"post-22935","1":"product","2":"type-product","3":"status-publish","4":"has-post-thumbnail","6":"product_cat-prospekte","7":"product_cat-sonstige","8":"product_cat-sonstige-prospekte","9":"product_tag-bodenbearbeitung","10":"product_tag-cramer","11":"product_tag-hackgeraet","12":"product_tag-haeufelgeraet","13":"product_tag-kartofellbau","14":"product_tag-kartoffel-legeautomat","15":"product_tag-prospekt","16":"product_tag-ruebenhackmaschine","18":"first","19":"outofstock","20":"shipping-taxable","21":"purchasable","22":"product-type-simple"},"_links":{"self":[{"href":"https:\/\/www.agraritaeten-shop.com\/en\/wp-json\/wp\/v2\/product\/22935","targetHints":{"allow":["GET"]}}],"collection":[{"href":"https:\/\/www.agraritaeten-shop.com\/en\/wp-json\/wp\/v2\/product"}],"about":[{"href":"https:\/\/www.agraritaeten-shop.com\/en\/wp-json\/wp\/v2\/types\/product"}],"wp:featuredmedia":[{"embeddable":true,"href":"https:\/\/www.agraritaeten-shop.com\/en\/wp-json\/wp\/v2\/media\/22799"}],"wp:attachment":[{"href":"https:\/\/www.agraritaeten-shop.com\/en\/wp-json\/wp\/v2\/media?parent=22935"}],"wp:term":[{"taxonomy":"product_brand","embeddable":true,"href":"https:\/\/www.agraritaeten-shop.com\/en\/wp-json\/wp\/v2\/product_brand?post=22935"},{"taxonomy":"product_cat","embeddable":true,"href":"https:\/\/www.agraritaeten-shop.com\/en\/wp-json\/wp\/v2\/product_cat?post=22935"},{"taxonomy":"product_tag","embeddable":true,"href":"https:\/\/www.agraritaeten-shop.com\/en\/wp-json\/wp\/v2\/product_tag?post=22935"}],"curies":[{"name":"wp","href":"https:\/\/api.w.org\/{rel}","templated":true}]}}