{"id":22951,"date":"2025-11-10T19:32:56","date_gmt":"2025-11-10T18:32:56","guid":{"rendered":"https:\/\/www.agraritaeten-shop.com\/?post_type=product&#038;p=22951"},"modified":"2025-11-23T07:35:51","modified_gmt":"2025-11-23T06:35:51","slug":"isaria-prospekt-anbau-haecksler","status":"publish","type":"product","link":"https:\/\/www.agraritaeten-shop.com\/en\/shop\/prospekte\/deutz-fahr-prospekte\/isaria-prospekt-anbau-haecksler\/","title":{"rendered":"ISARIA Prospekt Anbau-H\u00e4cksler"},"content":{"rendered":"<h1><strong>original brochure<br \/>\n<\/strong><\/h1>\n<h2>ISARIA Anbau-H\u00e4cksler<br \/>\nf\u00fcr M\u00e4hdrescher IHC, Fahr, Massey Ferguson, Sperry<\/h2>\n<ul>\n<li>A4 format<\/li>\n<li>4 pages<\/li>\n<li>German<\/li>\n<li>punched<\/li>\n<li>folded in the middle<\/li>\n<li>used<\/li>\n<li>good condition<\/li>\n<li>100% original<\/li>\n<\/ul>","protected":false},"excerpt":{"rendered":"<p>original Prospekt ISARIA Anbau-H\u00e4cksler f\u00fcr M\u00e4hdrescher IHC, Fahr, Massey Ferguson, Sperry A4 Format 4 Seiten Deutsch gelocht in der Mitte geknickt gebraucht guter Zustand 100% original<\/p>","protected":false},"featured_media":22805,"template":"","meta":[],"product_brand":[],"product_cat":[38,150,122,42,111,71,131,45,123,132],"product_tag":[606,3255,298,3233,189,193,186,240],"class_list":{"0":"post-22951","1":"product","2":"type-product","3":"status-publish","4":"has-post-thumbnail","6":"product_cat-deutz_fahr","7":"product_cat-deutz-fahr-prospekte","8":"product_cat-prospekte_ihc-international","9":"product_cat-ihc_international","10":"product_cat-prospekte_massey_ferguson_harris","11":"product_cat-new_holland","12":"product_cat-new-holland","13":"product_cat-prospekte","14":"product_cat-sonstige","15":"product_cat-sonstige-prospekte","16":"product_tag-fahr","17":"product_tag-fuer-maehdrescher-ihc","18":"product_tag-haecksler","19":"product_tag-isaria","20":"product_tag-maehdrescher","21":"product_tag-massey-ferguson","22":"product_tag-prospekt","23":"product_tag-sperry","25":"first","26":"instock","27":"shipping-taxable","28":"purchasable","29":"product-type-simple"},"_links":{"self":[{"href":"https:\/\/www.agraritaeten-shop.com\/en\/wp-json\/wp\/v2\/product\/22951","targetHints":{"allow":["GET"]}}],"collection":[{"href":"https:\/\/www.agraritaeten-shop.com\/en\/wp-json\/wp\/v2\/product"}],"about":[{"href":"https:\/\/www.agraritaeten-shop.com\/en\/wp-json\/wp\/v2\/types\/product"}],"wp:featuredmedia":[{"embeddable":true,"href":"https:\/\/www.agraritaeten-shop.com\/en\/wp-json\/wp\/v2\/media\/22805"}],"wp:attachment":[{"href":"https:\/\/www.agraritaeten-shop.com\/en\/wp-json\/wp\/v2\/media?parent=22951"}],"wp:term":[{"taxonomy":"product_brand","embeddable":true,"href":"https:\/\/www.agraritaeten-shop.com\/en\/wp-json\/wp\/v2\/product_brand?post=22951"},{"taxonomy":"product_cat","embeddable":true,"href":"https:\/\/www.agraritaeten-shop.com\/en\/wp-json\/wp\/v2\/product_cat?post=22951"},{"taxonomy":"product_tag","embeddable":true,"href":"https:\/\/www.agraritaeten-shop.com\/en\/wp-json\/wp\/v2\/product_tag?post=22951"}],"curies":[{"name":"wp","href":"https:\/\/api.w.org\/{rel}","templated":true}]}}