{"id":23042,"date":"2025-11-16T17:41:07","date_gmt":"2025-11-16T16:41:07","guid":{"rendered":"https:\/\/www.agraritaeten-shop.com\/?post_type=product&#038;p=23042"},"modified":"2026-03-30T15:50:37","modified_gmt":"2026-03-30T13:50:37","slug":"bungartz-prospekt-forstfraese","status":"publish","type":"product","link":"https:\/\/www.agraritaeten-shop.com\/en\/shop\/prospekte\/sonstige-prospekte\/bungartz-prospekt-forstfraese\/","title":{"rendered":"BUNGARTZ Prospekt Forstfr\u00e4se"},"content":{"rendered":"<h1><strong>original brochure<br \/>\n<\/strong><\/h1>\n<h2>BUNGARTZ Forstfr\u00e4se<\/h2>\n<ul>\n<li>approx. A5 Format<\/li>\n<li>fold-out along the length to 3 times its original size<\/li>\n<li>German<\/li>\n<li>punched<\/li>\n<li>used<\/li>\n<li>good condition<\/li>\n<li>100% original<\/li>\n<\/ul>","protected":false},"excerpt":{"rendered":"<p>original Prospekt BUNGARTZ Forstfr\u00e4se ca. A5 Format der L\u00e4nge nach ausklappbar zur 3fachen Gr\u00f6\u00dfe Deutsch gelocht gebraucht guter Zustand 100% original<\/p>","protected":false},"featured_media":23014,"template":"","meta":[],"product_brand":[],"product_cat":[45,123,132],"product_tag":[3262,481,186,256,188],"class_list":{"0":"post-23042","1":"product","2":"type-product","3":"status-publish","4":"has-post-thumbnail","6":"product_cat-prospekte","7":"product_cat-sonstige","8":"product_cat-sonstige-prospekte","9":"product_tag-bungartz","10":"product_tag-einachser","11":"product_tag-prospekt","12":"product_tag-schlepper","13":"product_tag-traktor","15":"first","16":"outofstock","17":"shipping-taxable","18":"purchasable","19":"product-type-simple"},"_links":{"self":[{"href":"https:\/\/www.agraritaeten-shop.com\/en\/wp-json\/wp\/v2\/product\/23042","targetHints":{"allow":["GET"]}}],"collection":[{"href":"https:\/\/www.agraritaeten-shop.com\/en\/wp-json\/wp\/v2\/product"}],"about":[{"href":"https:\/\/www.agraritaeten-shop.com\/en\/wp-json\/wp\/v2\/types\/product"}],"wp:featuredmedia":[{"embeddable":true,"href":"https:\/\/www.agraritaeten-shop.com\/en\/wp-json\/wp\/v2\/media\/23014"}],"wp:attachment":[{"href":"https:\/\/www.agraritaeten-shop.com\/en\/wp-json\/wp\/v2\/media?parent=23042"}],"wp:term":[{"taxonomy":"product_brand","embeddable":true,"href":"https:\/\/www.agraritaeten-shop.com\/en\/wp-json\/wp\/v2\/product_brand?post=23042"},{"taxonomy":"product_cat","embeddable":true,"href":"https:\/\/www.agraritaeten-shop.com\/en\/wp-json\/wp\/v2\/product_cat?post=23042"},{"taxonomy":"product_tag","embeddable":true,"href":"https:\/\/www.agraritaeten-shop.com\/en\/wp-json\/wp\/v2\/product_tag?post=23042"}],"curies":[{"name":"wp","href":"https:\/\/api.w.org\/{rel}","templated":true}]}}