{"id":23045,"date":"2025-11-23T21:54:59","date_gmt":"2025-11-23T20:54:59","guid":{"rendered":"https:\/\/www.agraritaeten-shop.com\/?post_type=product&#038;p=23045"},"modified":"2026-01-28T05:00:24","modified_gmt":"2026-01-28T04:00:24","slug":"bungartz-prospekt-fraese-und-kleintransporter","status":"publish","type":"product","link":"https:\/\/www.agraritaeten-shop.com\/en\/shop\/prospekte\/sonstige-prospekte\/bungartz-prospekt-fraese-und-kleintransporter\/","title":{"rendered":"BUNGARTZ Prospekt Fr\u00e4se und Kleintransporter"},"content":{"rendered":"<h1><strong>original brochure<br \/>\n<\/strong><\/h1>\n<h2>BUNGARTZ<br \/>\nFr\u00e4se und Kleintransporter<\/h2>\n<ul>\n<li>10cm x 19,5cm<\/li>\n<li>fold-out along the length to 4 times its original size<\/li>\n<li>German<\/li>\n<li>not punched<\/li>\n<li>used<\/li>\n<li>very good condition<\/li>\n<li>100% original<\/li>\n<\/ul>","protected":false},"excerpt":{"rendered":"<p>original Prospekt BUNGARTZ Fr\u00e4se und Kleintransporter 10cm x 19,5cm der L\u00e4nge nach ausklappbar zur 4fachen Gr\u00f6\u00dfe Deutsch nicht gelocht gebraucht sehr guter Zustand 100% original<\/p>","protected":false},"featured_media":23013,"template":"","meta":[],"product_brand":[],"product_cat":[45,123,132],"product_tag":[3262,1405,1479,186,531],"class_list":{"0":"post-23045","1":"product","2":"type-product","3":"status-publish","4":"has-post-thumbnail","6":"product_cat-prospekte","7":"product_cat-sonstige","8":"product_cat-sonstige-prospekte","9":"product_tag-bungartz","10":"product_tag-fraese","11":"product_tag-hacke","12":"product_tag-prospekt","13":"product_tag-transporter","15":"first","16":"outofstock","17":"shipping-taxable","18":"purchasable","19":"product-type-simple"},"_links":{"self":[{"href":"https:\/\/www.agraritaeten-shop.com\/en\/wp-json\/wp\/v2\/product\/23045","targetHints":{"allow":["GET"]}}],"collection":[{"href":"https:\/\/www.agraritaeten-shop.com\/en\/wp-json\/wp\/v2\/product"}],"about":[{"href":"https:\/\/www.agraritaeten-shop.com\/en\/wp-json\/wp\/v2\/types\/product"}],"wp:featuredmedia":[{"embeddable":true,"href":"https:\/\/www.agraritaeten-shop.com\/en\/wp-json\/wp\/v2\/media\/23013"}],"wp:attachment":[{"href":"https:\/\/www.agraritaeten-shop.com\/en\/wp-json\/wp\/v2\/media?parent=23045"}],"wp:term":[{"taxonomy":"product_brand","embeddable":true,"href":"https:\/\/www.agraritaeten-shop.com\/en\/wp-json\/wp\/v2\/product_brand?post=23045"},{"taxonomy":"product_cat","embeddable":true,"href":"https:\/\/www.agraritaeten-shop.com\/en\/wp-json\/wp\/v2\/product_cat?post=23045"},{"taxonomy":"product_tag","embeddable":true,"href":"https:\/\/www.agraritaeten-shop.com\/en\/wp-json\/wp\/v2\/product_tag?post=23045"}],"curies":[{"name":"wp","href":"https:\/\/api.w.org\/{rel}","templated":true}]}}