{"id":23078,"date":"2025-11-20T22:05:15","date_gmt":"2025-11-20T21:05:15","guid":{"rendered":"https:\/\/www.agraritaeten-shop.com\/?post_type=product&#038;p=23078"},"modified":"2026-01-04T10:06:54","modified_gmt":"2026-01-04T09:06:54","slug":"oregon-bedienungsanleitung-fuer-saegeketten-und-fuehrungsschienen","status":"publish","type":"product","link":"https:\/\/www.agraritaeten-shop.com\/en\/shop\/betriebsanleitungen\/betriebsanleitungen_sonstige\/oregon-bedienungsanleitung-fuer-saegeketten-und-fuehrungsschienen\/","title":{"rendered":"OREGON Bedienungsanleitung f\u00fcr S\u00e4geketten und F\u00fchrungsschienen"},"content":{"rendered":"<h1><strong>original Bedienungsanleitung<br \/>\n<\/strong><\/h1>\n<h2>OREGON S\u00e4geketten und F\u00fchrungsschienen<\/h2>\n<ul>\n<li>A5 format<\/li>\n<li>40 pages<\/li>\n<li>German<\/li>\n<li>not punched<\/li>\n<li>used<\/li>\n<li>very good condition<\/li>\n<li>100% original<\/li>\n<li>DruckNr. E24 &#8211; 9D<\/li>\n<\/ul>","protected":false},"excerpt":{"rendered":"<p>original Bedienungsanleitung OREGON S\u00e4geketten und F\u00fchrungsschienen A5 Format 40 Seiten Deutsch nicht gelocht gebraucht sehr guter Zustand 100% original DruckNr. E24 &#8211; 9D<\/p>","protected":false},"featured_media":23010,"template":"","meta":[],"product_brand":[],"product_cat":[16,123,83],"product_tag":[623,3268,3195,3267],"class_list":{"0":"post-23078","1":"product","2":"type-product","3":"status-publish","4":"has-post-thumbnail","6":"product_cat-betriebsanleitungen","7":"product_cat-sonstige","8":"product_cat-betriebsanleitungen_sonstige","9":"product_tag-bedienungsanleitung","10":"product_tag-fuehrungsschienen","11":"product_tag-oregon","12":"product_tag-saegeketten","14":"first","15":"outofstock","16":"shipping-taxable","17":"purchasable","18":"product-type-simple"},"_links":{"self":[{"href":"https:\/\/www.agraritaeten-shop.com\/en\/wp-json\/wp\/v2\/product\/23078","targetHints":{"allow":["GET"]}}],"collection":[{"href":"https:\/\/www.agraritaeten-shop.com\/en\/wp-json\/wp\/v2\/product"}],"about":[{"href":"https:\/\/www.agraritaeten-shop.com\/en\/wp-json\/wp\/v2\/types\/product"}],"wp:featuredmedia":[{"embeddable":true,"href":"https:\/\/www.agraritaeten-shop.com\/en\/wp-json\/wp\/v2\/media\/23010"}],"wp:attachment":[{"href":"https:\/\/www.agraritaeten-shop.com\/en\/wp-json\/wp\/v2\/media?parent=23078"}],"wp:term":[{"taxonomy":"product_brand","embeddable":true,"href":"https:\/\/www.agraritaeten-shop.com\/en\/wp-json\/wp\/v2\/product_brand?post=23078"},{"taxonomy":"product_cat","embeddable":true,"href":"https:\/\/www.agraritaeten-shop.com\/en\/wp-json\/wp\/v2\/product_cat?post=23078"},{"taxonomy":"product_tag","embeddable":true,"href":"https:\/\/www.agraritaeten-shop.com\/en\/wp-json\/wp\/v2\/product_tag?post=23078"}],"curies":[{"name":"wp","href":"https:\/\/api.w.org\/{rel}","templated":true}]}}