{"id":23098,"date":"2025-11-23T09:37:12","date_gmt":"2025-11-23T08:37:12","guid":{"rendered":"https:\/\/www.agraritaeten-shop.com\/?post_type=product&#038;p=23098"},"modified":"2026-02-27T20:33:24","modified_gmt":"2026-02-27T19:33:24","slug":"nordsten-prospekt-drillmaschine-neuheiten-1971","status":"publish","type":"product","link":"https:\/\/www.agraritaeten-shop.com\/en\/shop\/prospekte\/sonstige-prospekte\/nordsten-prospekt-drillmaschine-neuheiten-1971\/","title":{"rendered":"NORDSTEN Prospekt Drillmaschine Neuheiten 1971"},"content":{"rendered":"<h1><strong>original brochure<br \/>\n<\/strong><\/h1>\n<h2>NORDSTEN<br \/>\nDrillmaschine Neuheiten 1971<br \/>\n<span style=\"font-size: 75%;\">Gras-Samenstreuer, Radialreifen, Zwillingsr\u00e4der, R\u00fcben-Scharen, Druckfeder-Anordnung, R\u00fchrstifte, S\u00e4r\u00e4der<\/span><\/h2>\n<ul>\n<li>A4 landscape format<\/li>\n<li>1 sheet, printed on both sides<\/li>\n<li>German<\/li>\n<li>not punched<\/li>\n<li>used<\/li>\n<li>very good condition<\/li>\n<li>100% original<\/li>\n<li>Date Stamp: <em>Mai 1975<\/em><\/li>\n<\/ul>","protected":false},"excerpt":{"rendered":"<p>original Prospekt NORDSTEN Drillmaschine Neuheiten 1971 Gras-Samenstreuer, Radialreifen, Zwillingsr\u00e4der, R\u00fcben-Scharen, Druckfeder-Anordnung, R\u00fchrstifte, S\u00e4r\u00e4der A4 Querformat 1 Blatt, beidseitig bedruckt Deutsch nicht gelocht gebraucht sehr guter Zustand 100% original Datums-Stempel: Mai 1975<\/p>","protected":false},"featured_media":22996,"template":"","meta":[],"product_brand":[],"product_cat":[45,123,132],"product_tag":[314,1630,186],"class_list":{"0":"post-23098","1":"product","2":"type-product","3":"status-publish","4":"has-post-thumbnail","6":"product_cat-prospekte","7":"product_cat-sonstige","8":"product_cat-sonstige-prospekte","9":"product_tag-drillmaschine","10":"product_tag-nordsten","11":"product_tag-prospekt","13":"first","14":"instock","15":"shipping-taxable","16":"purchasable","17":"product-type-simple"},"_links":{"self":[{"href":"https:\/\/www.agraritaeten-shop.com\/en\/wp-json\/wp\/v2\/product\/23098","targetHints":{"allow":["GET"]}}],"collection":[{"href":"https:\/\/www.agraritaeten-shop.com\/en\/wp-json\/wp\/v2\/product"}],"about":[{"href":"https:\/\/www.agraritaeten-shop.com\/en\/wp-json\/wp\/v2\/types\/product"}],"wp:featuredmedia":[{"embeddable":true,"href":"https:\/\/www.agraritaeten-shop.com\/en\/wp-json\/wp\/v2\/media\/22996"}],"wp:attachment":[{"href":"https:\/\/www.agraritaeten-shop.com\/en\/wp-json\/wp\/v2\/media?parent=23098"}],"wp:term":[{"taxonomy":"product_brand","embeddable":true,"href":"https:\/\/www.agraritaeten-shop.com\/en\/wp-json\/wp\/v2\/product_brand?post=23098"},{"taxonomy":"product_cat","embeddable":true,"href":"https:\/\/www.agraritaeten-shop.com\/en\/wp-json\/wp\/v2\/product_cat?post=23098"},{"taxonomy":"product_tag","embeddable":true,"href":"https:\/\/www.agraritaeten-shop.com\/en\/wp-json\/wp\/v2\/product_tag?post=23098"}],"curies":[{"name":"wp","href":"https:\/\/api.w.org\/{rel}","templated":true}]}}