{"id":23102,"date":"2025-11-23T21:45:48","date_gmt":"2025-11-23T20:45:48","guid":{"rendered":"https:\/\/www.agraritaeten-shop.com\/?post_type=product&#038;p=23102"},"modified":"2026-02-28T09:50:37","modified_gmt":"2026-02-28T08:50:37","slug":"cramer-prospekt-schrot-muehlen","status":"publish","type":"product","link":"https:\/\/www.agraritaeten-shop.com\/en\/shop\/prospekte\/sonstige-prospekte\/cramer-prospekt-schrot-muehlen\/","title":{"rendered":"CRAMER Prospekt Schrot-M\u00fchlen"},"content":{"rendered":"<h1><strong>original brochure<br \/>\n<\/strong><\/h1>\n<h2>Maschinenfabrik CRAMER<br \/>\nSchrot-M\u00fchlen<\/h2>\n<ul>\n<li>approx. 10cm x 21cm<\/li>\n<li>fold-out along the length to 6 times its original size<\/li>\n<li>German<\/li>\n<li>not punched<\/li>\n<li>used<\/li>\n<li>slight wear on the back page, otherwise in good condition<\/li>\n<li>100% original<\/li>\n<li>Print No.: <em>679 VIII 56 XX<\/em><\/li>\n<\/ul>","protected":false},"excerpt":{"rendered":"<p>original Prospekt Maschinenfabrik CRAMER Schrot-M\u00fchlen ca. 10cm x 21cm der L\u00e4nge nach ausklappbar, zur 6fachen Gr\u00f6\u00dfe Deutsch nicht gelocht gebraucht kleine Abnutzung auf der R\u00fcckseite, ansonsten gut erhalten 100% original DruckNr. 679 VIII 56 XX<\/p>","protected":false},"featured_media":23009,"template":"","meta":[],"product_brand":[],"product_cat":[45,132,123],"product_tag":[3111,436,186],"class_list":{"0":"post-23102","1":"product","2":"type-product","3":"status-publish","4":"has-post-thumbnail","6":"product_cat-prospekte","7":"product_cat-sonstige-prospekte","8":"product_cat-sonstige","9":"product_tag-cramer","10":"product_tag-muehlen","11":"product_tag-prospekt","13":"first","14":"instock","15":"shipping-taxable","16":"purchasable","17":"product-type-simple"},"_links":{"self":[{"href":"https:\/\/www.agraritaeten-shop.com\/en\/wp-json\/wp\/v2\/product\/23102","targetHints":{"allow":["GET"]}}],"collection":[{"href":"https:\/\/www.agraritaeten-shop.com\/en\/wp-json\/wp\/v2\/product"}],"about":[{"href":"https:\/\/www.agraritaeten-shop.com\/en\/wp-json\/wp\/v2\/types\/product"}],"wp:featuredmedia":[{"embeddable":true,"href":"https:\/\/www.agraritaeten-shop.com\/en\/wp-json\/wp\/v2\/media\/23009"}],"wp:attachment":[{"href":"https:\/\/www.agraritaeten-shop.com\/en\/wp-json\/wp\/v2\/media?parent=23102"}],"wp:term":[{"taxonomy":"product_brand","embeddable":true,"href":"https:\/\/www.agraritaeten-shop.com\/en\/wp-json\/wp\/v2\/product_brand?post=23102"},{"taxonomy":"product_cat","embeddable":true,"href":"https:\/\/www.agraritaeten-shop.com\/en\/wp-json\/wp\/v2\/product_cat?post=23102"},{"taxonomy":"product_tag","embeddable":true,"href":"https:\/\/www.agraritaeten-shop.com\/en\/wp-json\/wp\/v2\/product_tag?post=23102"}],"curies":[{"name":"wp","href":"https:\/\/api.w.org\/{rel}","templated":true}]}}