{"id":23104,"date":"2025-11-23T22:33:28","date_gmt":"2025-11-23T21:33:28","guid":{"rendered":"https:\/\/www.agraritaeten-shop.com\/?post_type=product&#038;p=23104"},"modified":"2025-11-23T22:39:12","modified_gmt":"2025-11-23T21:39:12","slug":"gutbrod-prospekt-motorlandmaschinen","status":"publish","type":"product","link":"https:\/\/www.agraritaeten-shop.com\/en\/shop\/prospekte\/sonstige-prospekte\/gutbrod-prospekt-motorlandmaschinen\/","title":{"rendered":"GUTBROD Prospekt Motorlandmaschinen"},"content":{"rendered":"<h1><strong>original brochure<br \/>\n<\/strong><\/h1>\n<h2>GUTBROD Motorlandmaschinen<br \/>\nVielzweckger\u00e4te, Motorger\u00e4te, Motorm\u00e4her, Einachser<\/h2>\n<ul>\n<li>A4 format<\/li>\n<li>1 sheet, printed on both sides<\/li>\n<li>German<\/li>\n<li>not punched<\/li>\n<li>2x folded<\/li>\n<li>used<\/li>\n<li>very good condition<\/li>\n<li>100% original<\/li>\n<\/ul>","protected":false},"excerpt":{"rendered":"<p>original Prospekt GUTBROD Motorlandmaschinen Vielzweckger\u00e4te, Motorger\u00e4te, Motorm\u00e4her, Einachser A4 Format 1 Blatt, beidseitig bedruckt Deutsch nicht gelocht 2x geknickt gebraucht sehr guter Zustand 100% original<\/p>","protected":false},"featured_media":23025,"template":"","meta":[],"product_brand":[],"product_cat":[45,123,132],"product_tag":[481,2516,3108,2065,366,186,3122,3271],"class_list":{"0":"post-23104","1":"product","2":"type-product","3":"status-publish","4":"has-post-thumbnail","6":"product_cat-prospekte","7":"product_cat-sonstige","8":"product_cat-sonstige-prospekte","9":"product_tag-einachser","10":"product_tag-gutbrod","11":"product_tag-motorgeraet","12":"product_tag-motorgeraete","13":"product_tag-motormaeher","14":"product_tag-prospekt","15":"product_tag-spezialmaschine","16":"product_tag-vielzweckgeraete","18":"first","19":"instock","20":"shipping-taxable","21":"purchasable","22":"product-type-simple"},"_links":{"self":[{"href":"https:\/\/www.agraritaeten-shop.com\/en\/wp-json\/wp\/v2\/product\/23104","targetHints":{"allow":["GET"]}}],"collection":[{"href":"https:\/\/www.agraritaeten-shop.com\/en\/wp-json\/wp\/v2\/product"}],"about":[{"href":"https:\/\/www.agraritaeten-shop.com\/en\/wp-json\/wp\/v2\/types\/product"}],"wp:featuredmedia":[{"embeddable":true,"href":"https:\/\/www.agraritaeten-shop.com\/en\/wp-json\/wp\/v2\/media\/23025"}],"wp:attachment":[{"href":"https:\/\/www.agraritaeten-shop.com\/en\/wp-json\/wp\/v2\/media?parent=23104"}],"wp:term":[{"taxonomy":"product_brand","embeddable":true,"href":"https:\/\/www.agraritaeten-shop.com\/en\/wp-json\/wp\/v2\/product_brand?post=23104"},{"taxonomy":"product_cat","embeddable":true,"href":"https:\/\/www.agraritaeten-shop.com\/en\/wp-json\/wp\/v2\/product_cat?post=23104"},{"taxonomy":"product_tag","embeddable":true,"href":"https:\/\/www.agraritaeten-shop.com\/en\/wp-json\/wp\/v2\/product_tag?post=23104"}],"curies":[{"name":"wp","href":"https:\/\/api.w.org\/{rel}","templated":true}]}}