{"id":23157,"date":"2025-11-24T04:39:55","date_gmt":"2025-11-24T03:39:55","guid":{"rendered":"https:\/\/www.agraritaeten-shop.com\/?post_type=product&#038;p=23157"},"modified":"2025-11-24T20:58:19","modified_gmt":"2025-11-24T19:58:19","slug":"geringhoff-prospekt-maispflueckvorsaetze-fuer-maehdrescher","status":"publish","type":"product","link":"https:\/\/www.agraritaeten-shop.com\/en\/shop\/prospekte\/sonstige-prospekte\/geringhoff-prospekt-maispflueckvorsaetze-fuer-maehdrescher\/","title":{"rendered":"GERINGHOFF Prospekt Maispfl\u00fcckvors\u00e4tze f\u00fcr M\u00e4hdrescher"},"content":{"rendered":"<h1><strong>original brochure<br \/>\n<\/strong><\/h1>\n<h2>GERINGHOFF<br \/>\nMaispfl\u00fcckvors\u00e4tze f\u00fcr M\u00e4hdrescher<\/h2>\n<ul>\n<li>A4 format<\/li>\n<li>4 pages<\/li>\n<li>German<\/li>\n<li>not punched<\/li>\n<li>used<\/li>\n<li>very good condition<\/li>\n<li>100% original<\/li>\n<li>Datum: 11\/79<\/li>\n<\/ul>","protected":false},"excerpt":{"rendered":"<p>original Prospekt GERINGHOFF Maispfl\u00fcckvors\u00e4tze f\u00fcr M\u00e4hdrescher A4 Format 4 Seiten Deutsch nicht gelocht gebraucht sehr guter Zustand 100% original Datum: 11\/79<\/p>","protected":false},"featured_media":23118,"template":"","meta":[],"product_brand":[],"product_cat":[45,123,132],"product_tag":[3272,189,208,186],"class_list":{"0":"post-23157","1":"product","2":"type-product","3":"status-publish","4":"has-post-thumbnail","6":"product_cat-prospekte","7":"product_cat-sonstige","8":"product_cat-sonstige-prospekte","9":"product_tag-geringhoff","10":"product_tag-maehdrescher","11":"product_tag-maispflueckvorsaetze","12":"product_tag-prospekt","14":"first","15":"outofstock","16":"shipping-taxable","17":"purchasable","18":"product-type-simple"},"_links":{"self":[{"href":"https:\/\/www.agraritaeten-shop.com\/en\/wp-json\/wp\/v2\/product\/23157","targetHints":{"allow":["GET"]}}],"collection":[{"href":"https:\/\/www.agraritaeten-shop.com\/en\/wp-json\/wp\/v2\/product"}],"about":[{"href":"https:\/\/www.agraritaeten-shop.com\/en\/wp-json\/wp\/v2\/types\/product"}],"wp:featuredmedia":[{"embeddable":true,"href":"https:\/\/www.agraritaeten-shop.com\/en\/wp-json\/wp\/v2\/media\/23118"}],"wp:attachment":[{"href":"https:\/\/www.agraritaeten-shop.com\/en\/wp-json\/wp\/v2\/media?parent=23157"}],"wp:term":[{"taxonomy":"product_brand","embeddable":true,"href":"https:\/\/www.agraritaeten-shop.com\/en\/wp-json\/wp\/v2\/product_brand?post=23157"},{"taxonomy":"product_cat","embeddable":true,"href":"https:\/\/www.agraritaeten-shop.com\/en\/wp-json\/wp\/v2\/product_cat?post=23157"},{"taxonomy":"product_tag","embeddable":true,"href":"https:\/\/www.agraritaeten-shop.com\/en\/wp-json\/wp\/v2\/product_tag?post=23157"}],"curies":[{"name":"wp","href":"https:\/\/api.w.org\/{rel}","templated":true}]}}