{"id":23192,"date":"2025-11-24T23:22:07","date_gmt":"2025-11-24T22:22:07","guid":{"rendered":"https:\/\/www.agraritaeten-shop.com\/?post_type=product&#038;p=23192"},"modified":"2025-11-24T23:26:16","modified_gmt":"2025-11-24T22:26:16","slug":"steyr-pruefbericht-traktorsitz-ds44-2-hf-107-156","status":"publish","type":"product","link":"https:\/\/www.agraritaeten-shop.com\/en\/shop\/prospekte\/prospekte_ford\/steyr-pruefbericht-traktorsitz-ds44-2-hf-107-156\/","title":{"rendered":"STEYR Pr\u00fcfbericht Traktorsitz DS44\/2 HF 107 156"},"content":{"rendered":"<h1><strong>original Dokument<\/strong><\/h1>\n<h1>STEYR Pr\u00fcfbericht<br \/>\nTraktorsitz DS44\/2 HF 107 156<br \/>\nauf dem Traktor FORD 5000<br \/>\n<span style=\"font-size: 75%;\">Bundesversuchs- u. Pr\u00fcfungsanstalt f\u00fcr landwirtschaftliche Maschinen u. Ger\u00e4te, Wieselburg<br \/>\n<\/span><span style=\"font-size: 75%;\">vom 11.02.1955<\/span><\/h1>\n<ul>\n<li>A5 format<\/li>\n<li>8 pages<\/li>\n<li>German<\/li>\n<li>not punched<\/li>\n<li>used<\/li>\n<li>very good condition<\/li>\n<li>100% original<\/li>\n<\/ul>","protected":false},"excerpt":{"rendered":"<p>original Dokument STEYR Pr\u00fcfbericht Traktorsitz DS44\/2 HF 107 156 auf dem Traktor FORD 5000 Bundesversuchs- u. Pr\u00fcfungsanstalt f\u00fcr landwirtschaftliche Maschinen u. Ger\u00e4te, Wieselburg vom 11.02.1955 A5 Format 8 Seiten Deutsch nicht gelocht gebraucht sehr guter Zustand 100% original<\/p>","protected":false},"featured_media":23141,"template":"","meta":[],"product_brand":[],"product_cat":[321,126,18,53,49],"product_tag":[1214,186,675,1223,306,2618],"class_list":{"0":"post-23192","1":"product","2":"type-product","3":"status-publish","4":"has-post-thumbnail","6":"product_cat-prospekte_ford","7":"product_cat-ford","8":"product_cat-handbuecher","9":"product_cat-steyr","10":"product_cat-handbuecher-traktoren","11":"product_tag-ford","12":"product_tag-prospekt","13":"product_tag-pruefbericht","14":"product_tag-sitze","15":"product_tag-steyr","16":"product_tag-traktorsitz","18":"first","19":"instock","20":"shipping-taxable","21":"purchasable","22":"product-type-simple"},"_links":{"self":[{"href":"https:\/\/www.agraritaeten-shop.com\/en\/wp-json\/wp\/v2\/product\/23192","targetHints":{"allow":["GET"]}}],"collection":[{"href":"https:\/\/www.agraritaeten-shop.com\/en\/wp-json\/wp\/v2\/product"}],"about":[{"href":"https:\/\/www.agraritaeten-shop.com\/en\/wp-json\/wp\/v2\/types\/product"}],"wp:featuredmedia":[{"embeddable":true,"href":"https:\/\/www.agraritaeten-shop.com\/en\/wp-json\/wp\/v2\/media\/23141"}],"wp:attachment":[{"href":"https:\/\/www.agraritaeten-shop.com\/en\/wp-json\/wp\/v2\/media?parent=23192"}],"wp:term":[{"taxonomy":"product_brand","embeddable":true,"href":"https:\/\/www.agraritaeten-shop.com\/en\/wp-json\/wp\/v2\/product_brand?post=23192"},{"taxonomy":"product_cat","embeddable":true,"href":"https:\/\/www.agraritaeten-shop.com\/en\/wp-json\/wp\/v2\/product_cat?post=23192"},{"taxonomy":"product_tag","embeddable":true,"href":"https:\/\/www.agraritaeten-shop.com\/en\/wp-json\/wp\/v2\/product_tag?post=23192"}],"curies":[{"name":"wp","href":"https:\/\/api.w.org\/{rel}","templated":true}]}}