{"id":23375,"date":"2025-12-07T08:42:00","date_gmt":"2025-12-07T07:42:00","guid":{"rendered":"https:\/\/www.agraritaeten-shop.com\/?post_type=product&#038;p=23375"},"modified":"2025-12-07T15:41:07","modified_gmt":"2025-12-07T14:41:07","slug":"gueldner-prospekt-geraetetraeger-multitrak-17ps","status":"publish","type":"product","link":"https:\/\/www.agraritaeten-shop.com\/en\/shop\/prospekte\/gueldner-prospekte\/gueldner-prospekt-geraetetraeger-multitrak-17ps\/","title":{"rendered":"G\u00dcLDNER Prospekt Ger\u00e4tetr\u00e4ger MULTITRAK 17PS"},"content":{"rendered":"<h1><strong>original brochure<\/strong><\/h1>\n<h2>G\u00dcLDNER Ger\u00e4tetr\u00e4ger MULTITRAK 17PS<\/h2>\n<ul>\n<li>A4 format<\/li>\n<li>1 sheet, printed on both sides<\/li>\n<li>German<\/li>\n<li>punched<\/li>\n<li>used<\/li>\n<li>very good condition<\/li>\n<li>100% original<\/li>\n<li>DruckNr. 1001<\/li>\n<\/ul>","protected":false},"excerpt":{"rendered":"<p>original Prospekt G\u00dcLDNER Ger\u00e4tetr\u00e4ger MULTITRAK 17PS A4 Format 1 Blatt, beidseitig bedruckt Deutsch gelocht gebraucht sehr guter Zustand 100% original DruckNr. 1001<\/p>","protected":false},"featured_media":23326,"template":"","meta":[],"product_brand":[],"product_cat":[148,149,45],"product_tag":[665,272,186,256,188],"class_list":{"0":"post-23375","1":"product","2":"type-product","3":"status-publish","4":"has-post-thumbnail","6":"product_cat-gueldner","7":"product_cat-gueldner-prospekte","8":"product_cat-prospekte","9":"product_tag-geraetetraeger","10":"product_tag-gueldner","11":"product_tag-prospekt","12":"product_tag-schlepper","13":"product_tag-traktor","15":"first","16":"outofstock","17":"shipping-taxable","18":"purchasable","19":"product-type-simple"},"_links":{"self":[{"href":"https:\/\/www.agraritaeten-shop.com\/en\/wp-json\/wp\/v2\/product\/23375","targetHints":{"allow":["GET"]}}],"collection":[{"href":"https:\/\/www.agraritaeten-shop.com\/en\/wp-json\/wp\/v2\/product"}],"about":[{"href":"https:\/\/www.agraritaeten-shop.com\/en\/wp-json\/wp\/v2\/types\/product"}],"wp:featuredmedia":[{"embeddable":true,"href":"https:\/\/www.agraritaeten-shop.com\/en\/wp-json\/wp\/v2\/media\/23326"}],"wp:attachment":[{"href":"https:\/\/www.agraritaeten-shop.com\/en\/wp-json\/wp\/v2\/media?parent=23375"}],"wp:term":[{"taxonomy":"product_brand","embeddable":true,"href":"https:\/\/www.agraritaeten-shop.com\/en\/wp-json\/wp\/v2\/product_brand?post=23375"},{"taxonomy":"product_cat","embeddable":true,"href":"https:\/\/www.agraritaeten-shop.com\/en\/wp-json\/wp\/v2\/product_cat?post=23375"},{"taxonomy":"product_tag","embeddable":true,"href":"https:\/\/www.agraritaeten-shop.com\/en\/wp-json\/wp\/v2\/product_tag?post=23375"}],"curies":[{"name":"wp","href":"https:\/\/api.w.org\/{rel}","templated":true}]}}