{"id":23505,"date":"2026-01-30T16:13:19","date_gmt":"2026-01-30T15:13:19","guid":{"rendered":"https:\/\/www.agraritaeten-shop.com\/?post_type=product&#038;p=23505"},"modified":"2026-02-25T21:25:05","modified_gmt":"2026-02-25T20:25:05","slug":"eicher-prospekt-geraetetraeger-kombi-20ps","status":"publish","type":"product","link":"https:\/\/www.agraritaeten-shop.com\/en\/shop\/prospekte\/prospekte_eicher\/eicher-prospekt-geraetetraeger-kombi-20ps\/","title":{"rendered":"EICHER Prospekt Ger\u00e4tetr\u00e4ger KOMBI 20PS"},"content":{"rendered":"<h1><strong>original brochure<br \/>\n<\/strong><\/h1>\n<h2>EICHER Ger\u00e4tetr\u00e4ger KOMBI 20PS<\/h2>\n<ul>\n<li>A4 landscape format<\/li>\n<li>fold-out to 4 times its original size (A2 format)<\/li>\n<li>German<\/li>\n<li>used<\/li>\n<li>2x punched (torn at one spot)<\/li>\n<li>good condition<\/li>\n<li>100% original<\/li>\n<li>Print No.: <em>ED-G 125\/ 12.60 \/200<\/em><\/li>\n<\/ul>","protected":false},"excerpt":{"rendered":"<p>original Prospekt EICHER Ger\u00e4tetr\u00e4ger KOMBI 20PS A4 Querformat ausklappbar zur 4fachen Gr\u00f6\u00dfe (A2 Format) Deutsch gebraucht 2x gelocht (an einer Stelle eingerissen) guter Zustand 100% original DruckNr. ED-G 125\/ 12.60 \/200<\/p>","protected":false},"featured_media":23467,"template":"","meta":[],"product_brand":[],"product_cat":[90,99,45],"product_tag":[518,665,186],"class_list":{"0":"post-23505","1":"product","2":"type-product","3":"status-publish","4":"has-post-thumbnail","6":"product_cat-eicher","7":"product_cat-prospekte_eicher","8":"product_cat-prospekte","9":"product_tag-eicher","10":"product_tag-geraetetraeger","11":"product_tag-prospekt","13":"first","14":"instock","15":"shipping-taxable","16":"purchasable","17":"product-type-simple"},"_links":{"self":[{"href":"https:\/\/www.agraritaeten-shop.com\/en\/wp-json\/wp\/v2\/product\/23505","targetHints":{"allow":["GET"]}}],"collection":[{"href":"https:\/\/www.agraritaeten-shop.com\/en\/wp-json\/wp\/v2\/product"}],"about":[{"href":"https:\/\/www.agraritaeten-shop.com\/en\/wp-json\/wp\/v2\/types\/product"}],"wp:featuredmedia":[{"embeddable":true,"href":"https:\/\/www.agraritaeten-shop.com\/en\/wp-json\/wp\/v2\/media\/23467"}],"wp:attachment":[{"href":"https:\/\/www.agraritaeten-shop.com\/en\/wp-json\/wp\/v2\/media?parent=23505"}],"wp:term":[{"taxonomy":"product_brand","embeddable":true,"href":"https:\/\/www.agraritaeten-shop.com\/en\/wp-json\/wp\/v2\/product_brand?post=23505"},{"taxonomy":"product_cat","embeddable":true,"href":"https:\/\/www.agraritaeten-shop.com\/en\/wp-json\/wp\/v2\/product_cat?post=23505"},{"taxonomy":"product_tag","embeddable":true,"href":"https:\/\/www.agraritaeten-shop.com\/en\/wp-json\/wp\/v2\/product_tag?post=23505"}],"curies":[{"name":"wp","href":"https:\/\/api.w.org\/{rel}","templated":true}]}}