{"id":23520,"date":"2025-12-08T21:16:19","date_gmt":"2025-12-08T20:16:19","guid":{"rendered":"https:\/\/www.agraritaeten-shop.com\/?post_type=product&#038;p=23520"},"modified":"2025-12-08T21:21:13","modified_gmt":"2025-12-08T20:21:13","slug":"goldoni-prospekt-schlepper-programm","status":"publish","type":"product","link":"https:\/\/www.agraritaeten-shop.com\/en\/shop\/prospekte\/sonstige-prospekte\/goldoni-prospekt-schlepper-programm\/","title":{"rendered":"GOLDONI Prospekt Schlepper-Programm"},"content":{"rendered":"<h1><strong>original brochure<br \/>\n<\/strong><\/h1>\n<h2>GOLDONI Schlepper-Programm<br \/>\nStar, Base, Euro, Maxter, Quasar,<br \/>\nRaupenschlepper Cingolo, Kleintransporter Transcar, M\u00e4her Motocoltivatori<\/h2>\n<ul>\n<li>A4 landscape format<\/li>\n<li>fold-out to 4 times its original size (A2 format)<\/li>\n<li>German<\/li>\n<li>not punched<\/li>\n<li>used<\/li>\n<li>very good condition<\/li>\n<li>100% original<\/li>\n<\/ul>","protected":false},"excerpt":{"rendered":"<p>original Prospekt GOLDONI Schlepper-Programm Star, Base, Euro, Maxter, Quasar, Raupenschlepper Cingolo, Kleintransporter Transcar, M\u00e4her Motocoltivatori A4 Querformat ausklappbar zur 4fachen Gr\u00f6\u00dfe (A2 Format) Deutsch nicht gelocht gebraucht sehr guter Zustand 100% original<\/p>","protected":false},"featured_media":23460,"template":"","meta":[],"product_brand":[],"product_cat":[45,123,132],"product_tag":[482,307,262,186,791,256,188,531],"class_list":{"0":"post-23520","1":"product","2":"type-product","3":"status-publish","4":"has-post-thumbnail","6":"product_cat-prospekte","7":"product_cat-sonstige","8":"product_cat-sonstige-prospekte","9":"product_tag-goldoni","10":"product_tag-ladewagen","11":"product_tag-maeher","12":"product_tag-prospekt","13":"product_tag-raupenschlepper","14":"product_tag-schlepper","15":"product_tag-traktor","16":"product_tag-transporter","18":"first","19":"instock","20":"shipping-taxable","21":"purchasable","22":"product-type-simple"},"_links":{"self":[{"href":"https:\/\/www.agraritaeten-shop.com\/en\/wp-json\/wp\/v2\/product\/23520","targetHints":{"allow":["GET"]}}],"collection":[{"href":"https:\/\/www.agraritaeten-shop.com\/en\/wp-json\/wp\/v2\/product"}],"about":[{"href":"https:\/\/www.agraritaeten-shop.com\/en\/wp-json\/wp\/v2\/types\/product"}],"wp:featuredmedia":[{"embeddable":true,"href":"https:\/\/www.agraritaeten-shop.com\/en\/wp-json\/wp\/v2\/media\/23460"}],"wp:attachment":[{"href":"https:\/\/www.agraritaeten-shop.com\/en\/wp-json\/wp\/v2\/media?parent=23520"}],"wp:term":[{"taxonomy":"product_brand","embeddable":true,"href":"https:\/\/www.agraritaeten-shop.com\/en\/wp-json\/wp\/v2\/product_brand?post=23520"},{"taxonomy":"product_cat","embeddable":true,"href":"https:\/\/www.agraritaeten-shop.com\/en\/wp-json\/wp\/v2\/product_cat?post=23520"},{"taxonomy":"product_tag","embeddable":true,"href":"https:\/\/www.agraritaeten-shop.com\/en\/wp-json\/wp\/v2\/product_tag?post=23520"}],"curies":[{"name":"wp","href":"https:\/\/api.w.org\/{rel}","templated":true}]}}