{"id":23526,"date":"2025-12-08T21:47:39","date_gmt":"2025-12-08T20:47:39","guid":{"rendered":"https:\/\/www.agraritaeten-shop.com\/?post_type=product&#038;p=23526"},"modified":"2025-12-08T21:49:46","modified_gmt":"2025-12-08T20:49:46","slug":"kahlbacherer-prospekt-schneefraesen-fuer-steyr-traktoren","status":"publish","type":"product","link":"https:\/\/www.agraritaeten-shop.com\/en\/shop\/prospekte\/sonstige-prospekte\/kahlbacherer-prospekt-schneefraesen-fuer-steyr-traktoren\/","title":{"rendered":"KAHLBACHERER Prospekt Schneefr\u00e4sen f\u00fcr Steyr-Traktoren"},"content":{"rendered":"<h1><strong>original brochure<br \/>\n<\/strong><\/h1>\n<h2>Toni KAHLBACHERER, Kitzb\u00fchel\/Tirol<br \/>\n<span style=\"font-size: 75%;\">Maschinenbau, Erzeugung von Winterdienstger\u00e4ten<\/span><br \/>\nSchneefr\u00e4sen f\u00fcr Steyr-Traktoren<\/h2>\n<ul>\n<li>A4 format<\/li>\n<li>1 sheet, printed on both sides<\/li>\n<li>German<\/li>\n<li>punched<\/li>\n<li>used<\/li>\n<li>good condition<\/li>\n<li>100% original<\/li>\n<\/ul>","protected":false},"excerpt":{"rendered":"<p>original Prospekt Toni KAHLBACHERER, Kitzb\u00fchel\/Tirol Maschinenbau, Erzeugung von Winterdienstger\u00e4ten Schneefr\u00e4sen f\u00fcr Steyr-Traktoren A4 Format 1 Blatt, beidseitig bedruckt Deutsch gelocht gebraucht guter Zustand 100% original<\/p>","protected":false},"featured_media":23437,"template":"","meta":[],"product_brand":[],"product_cat":[45,132,123,53,115],"product_tag":[1916,186,944,306,188],"class_list":{"0":"post-23526","1":"product","2":"type-product","3":"status-publish","4":"has-post-thumbnail","6":"product_cat-prospekte","7":"product_cat-sonstige-prospekte","8":"product_cat-sonstige","9":"product_cat-steyr","10":"product_cat-prospekt-steyr","11":"product_tag-kahlbacherer","12":"product_tag-prospekt","13":"product_tag-schneefraese","14":"product_tag-steyr","15":"product_tag-traktor","17":"first","18":"instock","19":"shipping-taxable","20":"purchasable","21":"product-type-simple"},"_links":{"self":[{"href":"https:\/\/www.agraritaeten-shop.com\/en\/wp-json\/wp\/v2\/product\/23526","targetHints":{"allow":["GET"]}}],"collection":[{"href":"https:\/\/www.agraritaeten-shop.com\/en\/wp-json\/wp\/v2\/product"}],"about":[{"href":"https:\/\/www.agraritaeten-shop.com\/en\/wp-json\/wp\/v2\/types\/product"}],"wp:featuredmedia":[{"embeddable":true,"href":"https:\/\/www.agraritaeten-shop.com\/en\/wp-json\/wp\/v2\/media\/23437"}],"wp:attachment":[{"href":"https:\/\/www.agraritaeten-shop.com\/en\/wp-json\/wp\/v2\/media?parent=23526"}],"wp:term":[{"taxonomy":"product_brand","embeddable":true,"href":"https:\/\/www.agraritaeten-shop.com\/en\/wp-json\/wp\/v2\/product_brand?post=23526"},{"taxonomy":"product_cat","embeddable":true,"href":"https:\/\/www.agraritaeten-shop.com\/en\/wp-json\/wp\/v2\/product_cat?post=23526"},{"taxonomy":"product_tag","embeddable":true,"href":"https:\/\/www.agraritaeten-shop.com\/en\/wp-json\/wp\/v2\/product_tag?post=23526"}],"curies":[{"name":"wp","href":"https:\/\/api.w.org\/{rel}","templated":true}]}}