{"id":23660,"date":"2025-12-21T00:58:25","date_gmt":"2025-12-20T23:58:25","guid":{"rendered":"https:\/\/www.agraritaeten-shop.com\/?post_type=product&#038;p=23660"},"modified":"2025-12-21T09:01:04","modified_gmt":"2025-12-21T08:01:04","slug":"gutbrod-prospekt-kleintraktor-universalmaschine-superior-9hp","status":"publish","type":"product","link":"https:\/\/www.agraritaeten-shop.com\/en\/shop\/prospekte\/sonstige-prospekte\/gutbrod-prospekt-kleintraktor-universalmaschine-superior-9hp\/","title":{"rendered":"GUTBROD Prospekt Kleintraktor Universalmaschine Superior 9HP"},"content":{"rendered":"<h1><strong>original brochure<br \/>\n<\/strong><\/h1>\n<h2>GUTBROD Kleintraktor<br \/>\nUniversalmaschine\/4Rad Motorger\u00e4t Superior 9HP<br \/>\n<span style=\"font-size: 75%;\">f\u00fcr Wein- Obst- Gartenbau und Landwirtschaft<\/span><br \/>\n<span style=\"font-size: 75%;\">f\u00fcr Wochenendgrundst\u00fccke und Parks<\/span><br \/>\n<span style=\"font-size: 75%;\">f\u00fcr Kommunal- und Industriebetriebe<\/span><\/h2>\n<ul>\n<li>approx. A4 Format<\/li>\n<li>4 pages<\/li>\n<li>German<\/li>\n<li>not punched<\/li>\n<li>used<\/li>\n<li>slight wear on the paper, otherwise in good condition<\/li>\n<li>100% original<\/li>\n<li>DruckNr. 205 15\/05\/65<\/li>\n<\/ul>","protected":false},"excerpt":{"rendered":"<p>original Prospekt GUTBROD Kleintraktor Universalmaschine\/4Rad Motorger\u00e4t Superior 9HP f\u00fcr Wein- Obst- Gartenbau und Landwirtschaft f\u00fcr Wochenendgrundst\u00fccke und Parks f\u00fcr Kommunal- und Industriebetriebe ca. A4 Format 4 Seiten Deutsch nicht gelocht gebraucht kleine Abnutzung am Papier, ansonsten guter Zustand 100% original DruckNr. 205 15\/05\/65<\/p>","protected":false},"featured_media":23605,"template":"","meta":[],"product_brand":[],"product_cat":[45,123,132],"product_tag":[1555,2516,489,3108,1760,186,1498,256,188,786],"class_list":{"0":"post-23660","1":"product","2":"type-product","3":"status-publish","4":"has-post-thumbnail","6":"product_cat-prospekte","7":"product_cat-sonstige","8":"product_cat-sonstige-prospekte","9":"product_tag-garten","10":"product_tag-gutbrod","11":"product_tag-kommunal","12":"product_tag-motorgeraet","13":"product_tag-obstbau","14":"product_tag-prospekt","15":"product_tag-rasen","16":"product_tag-schlepper","17":"product_tag-traktor","18":"product_tag-universalmaschine","20":"first","21":"outofstock","22":"shipping-taxable","23":"purchasable","24":"product-type-simple"},"_links":{"self":[{"href":"https:\/\/www.agraritaeten-shop.com\/en\/wp-json\/wp\/v2\/product\/23660","targetHints":{"allow":["GET"]}}],"collection":[{"href":"https:\/\/www.agraritaeten-shop.com\/en\/wp-json\/wp\/v2\/product"}],"about":[{"href":"https:\/\/www.agraritaeten-shop.com\/en\/wp-json\/wp\/v2\/types\/product"}],"wp:featuredmedia":[{"embeddable":true,"href":"https:\/\/www.agraritaeten-shop.com\/en\/wp-json\/wp\/v2\/media\/23605"}],"wp:attachment":[{"href":"https:\/\/www.agraritaeten-shop.com\/en\/wp-json\/wp\/v2\/media?parent=23660"}],"wp:term":[{"taxonomy":"product_brand","embeddable":true,"href":"https:\/\/www.agraritaeten-shop.com\/en\/wp-json\/wp\/v2\/product_brand?post=23660"},{"taxonomy":"product_cat","embeddable":true,"href":"https:\/\/www.agraritaeten-shop.com\/en\/wp-json\/wp\/v2\/product_cat?post=23660"},{"taxonomy":"product_tag","embeddable":true,"href":"https:\/\/www.agraritaeten-shop.com\/en\/wp-json\/wp\/v2\/product_tag?post=23660"}],"curies":[{"name":"wp","href":"https:\/\/api.w.org\/{rel}","templated":true}]}}