{"id":23902,"date":"2026-01-24T14:27:24","date_gmt":"2026-01-24T13:27:24","guid":{"rendered":"https:\/\/www.agraritaeten-shop.com\/?post_type=product&#038;p=23902"},"modified":"2026-04-12T11:42:41","modified_gmt":"2026-04-12T09:42:41","slug":"ktl-schlepper-prueffeld-darmstadt-pruefbericht-huerlimann-traktor-d70ssp-3","status":"publish","type":"product","link":"https:\/\/www.agraritaeten-shop.com\/en\/shop\/prospekte\/huerlimann-prospekt\/ktl-schlepper-prueffeld-darmstadt-pruefbericht-huerlimann-traktor-d70ssp-3\/","title":{"rendered":"KTL Schlepper-PR\u00dcFFELD DARMSTADT Pr\u00fcfbericht H\u00dcRLIMANN Traktor D70SSP"},"content":{"rendered":"<h1><strong>original brochure<br \/>\n<\/strong><\/h1>\n<h2>KTL Kuratorium f\u00fcr Technik in der Landwirtschaft<br \/>\nSchlepper-PR\u00dcFFELD DARMSTADT<br \/>\nBericht \u00fcber die Technische Pr\u00fcfung Nr. 182<br \/>\nH\u00dcRLIMANN Diesel-Traktor D70SSP<\/h2>\n<ul>\n<li>A4 format<\/li>\n<li>8 pages<\/li>\n<li>German<\/li>\n<li>2x punched<\/li>\n<li>used<\/li>\n<li>very good condition<\/li>\n<li>100% original<\/li>\n<li>Date Stamp: <em>07\/1969<\/em><\/li>\n<\/ul>","protected":false},"excerpt":{"rendered":"<p>original Prospekt KTL Kuratorium f\u00fcr Technik in der Landwirtschaft Schlepper-PR\u00dcFFELD DARMSTADT Bericht \u00fcber die Technische Pr\u00fcfung Nr. 182 H\u00dcRLIMANN Diesel-Traktor D70SSP A4 Format 8 Seiten Deutsch 2x gelocht gebraucht sehr guter Zustand 100% original Datums-Stempel: 07\/1969<\/p>","protected":false},"featured_media":23880,"template":"","meta":[],"product_brand":[],"product_cat":[3322,3323,45],"product_tag":[1266,2213,186,675,256,188],"class_list":{"0":"post-23902","1":"product","2":"type-product","3":"status-publish","4":"has-post-thumbnail","6":"product_cat-huerlimann","7":"product_cat-huerlimann-prospekt","8":"product_cat-prospekte","9":"product_tag-huerlimann","10":"product_tag-ktl","11":"product_tag-prospekt","12":"product_tag-pruefbericht","13":"product_tag-schlepper","14":"product_tag-traktor","16":"first","17":"instock","18":"shipping-taxable","19":"purchasable","20":"product-type-simple"},"_links":{"self":[{"href":"https:\/\/www.agraritaeten-shop.com\/en\/wp-json\/wp\/v2\/product\/23902","targetHints":{"allow":["GET"]}}],"collection":[{"href":"https:\/\/www.agraritaeten-shop.com\/en\/wp-json\/wp\/v2\/product"}],"about":[{"href":"https:\/\/www.agraritaeten-shop.com\/en\/wp-json\/wp\/v2\/types\/product"}],"wp:featuredmedia":[{"embeddable":true,"href":"https:\/\/www.agraritaeten-shop.com\/en\/wp-json\/wp\/v2\/media\/23880"}],"wp:attachment":[{"href":"https:\/\/www.agraritaeten-shop.com\/en\/wp-json\/wp\/v2\/media?parent=23902"}],"wp:term":[{"taxonomy":"product_brand","embeddable":true,"href":"https:\/\/www.agraritaeten-shop.com\/en\/wp-json\/wp\/v2\/product_brand?post=23902"},{"taxonomy":"product_cat","embeddable":true,"href":"https:\/\/www.agraritaeten-shop.com\/en\/wp-json\/wp\/v2\/product_cat?post=23902"},{"taxonomy":"product_tag","embeddable":true,"href":"https:\/\/www.agraritaeten-shop.com\/en\/wp-json\/wp\/v2\/product_tag?post=23902"}],"curies":[{"name":"wp","href":"https:\/\/api.w.org\/{rel}","templated":true}]}}