{"id":23944,"date":"2026-01-03T23:35:36","date_gmt":"2026-01-03T22:35:36","guid":{"rendered":"https:\/\/www.agraritaeten-shop.com\/?post_type=product&#038;p=23944"},"modified":"2026-02-27T18:38:07","modified_gmt":"2026-02-27T17:38:07","slug":"ihc-mccormick-prospekt-schlepper-geraete-maschinen-verkaufsprogramm","status":"publish","type":"product","link":"https:\/\/www.agraritaeten-shop.com\/en\/shop\/prospekte\/prospekte_ihc-international\/ihc-mccormick-prospekt-schlepper-geraete-maschinen-verkaufsprogramm\/","title":{"rendered":"IHC McCormick Prospekt Schlepper Ger\u00e4te Maschinen Verkaufsprogramm"},"content":{"rendered":"<h1><strong>original brochure<br \/>\n<\/strong><\/h1>\n<h2>IHC McCormick Verkaufsprogramm<br \/>\nSchlepper Ger\u00e4te Maschinen<br \/>\n<span style=\"font-size: 75%;\">M\u00e4her, Frontlader, Streuer, Eggen, Pfl\u00fcge, Maisdibbelger\u00e4te, Kr\u00fcmler, Pressen, Rechen<\/span><br \/>\n<span style=\"font-size: 75%;\">M\u00e4hdrescher, Schlepper 323\/423\/523\/624<\/span><\/h2>\n<ul>\n<li>A5 landscape format<\/li>\n<li>8 pages, fold-out<\/li>\n<li>German<\/li>\n<li>not punched<\/li>\n<li>used<\/li>\n<li>very good condition<\/li>\n<li>100% original<\/li>\n<li>Print No.: <em>GER 33-S<\/em><\/li>\n<\/ul>","protected":false},"excerpt":{"rendered":"<p>original Prospekt IHC McCormick Verkaufsprogramm Schlepper Ger\u00e4te Maschinen M\u00e4her, Frontlader, Streuer, Eggen, Pfl\u00fcge, Maisdibbelger\u00e4te, Kr\u00fcmler, Pressen, Rechen M\u00e4hdrescher, Schlepper 323\/423\/523\/624 A5 Querformat 8 Seiten ausklappbar Deutsch nicht gelocht gebraucht sehr guter Zustand 100% original DruckNr. GER 33-S<\/p>","protected":false},"featured_media":23870,"template":"","meta":[],"product_brand":[],"product_cat":[122,42,138,82,45],"product_tag":[744,480,323,185,187,1053,189,262,3328,3327,184,369,248,303,186,817,256,1241,249],"class_list":{"0":"post-23944","1":"product","2":"type-product","3":"status-publish","4":"has-post-thumbnail","6":"product_cat-prospekte_ihc-international","7":"product_cat-ihc_international","8":"product_cat-mccormick-prospekte","9":"product_cat-mccormick","10":"product_cat-prospekte","11":"product_tag-eggen","12":"product_tag-frontlader","13":"product_tag-geraete","14":"product_tag-ihc","15":"product_tag-international","16":"product_tag-kruemler","17":"product_tag-maehdrescher","18":"product_tag-maeher","19":"product_tag-maisdibbelgeraete","20":"product_tag-maschinen","21":"product_tag-mccormick","22":"product_tag-pfluege","23":"product_tag-pressen","24":"product_tag-programm","25":"product_tag-prospekt","26":"product_tag-rechen","27":"product_tag-schlepper","28":"product_tag-streuer","29":"product_tag-traktoren","31":"first","32":"instock","33":"shipping-taxable","34":"purchasable","35":"product-type-simple"},"_links":{"self":[{"href":"https:\/\/www.agraritaeten-shop.com\/en\/wp-json\/wp\/v2\/product\/23944","targetHints":{"allow":["GET"]}}],"collection":[{"href":"https:\/\/www.agraritaeten-shop.com\/en\/wp-json\/wp\/v2\/product"}],"about":[{"href":"https:\/\/www.agraritaeten-shop.com\/en\/wp-json\/wp\/v2\/types\/product"}],"wp:featuredmedia":[{"embeddable":true,"href":"https:\/\/www.agraritaeten-shop.com\/en\/wp-json\/wp\/v2\/media\/23870"}],"wp:attachment":[{"href":"https:\/\/www.agraritaeten-shop.com\/en\/wp-json\/wp\/v2\/media?parent=23944"}],"wp:term":[{"taxonomy":"product_brand","embeddable":true,"href":"https:\/\/www.agraritaeten-shop.com\/en\/wp-json\/wp\/v2\/product_brand?post=23944"},{"taxonomy":"product_cat","embeddable":true,"href":"https:\/\/www.agraritaeten-shop.com\/en\/wp-json\/wp\/v2\/product_cat?post=23944"},{"taxonomy":"product_tag","embeddable":true,"href":"https:\/\/www.agraritaeten-shop.com\/en\/wp-json\/wp\/v2\/product_tag?post=23944"}],"curies":[{"name":"wp","href":"https:\/\/api.w.org\/{rel}","templated":true}]}}