{"id":23974,"date":"2026-02-10T21:42:55","date_gmt":"2026-02-10T20:42:55","guid":{"rendered":"https:\/\/www.agraritaeten-shop.com\/?post_type=product&#038;p=23974"},"modified":"2026-02-25T18:03:50","modified_gmt":"2026-02-25T17:03:50","slug":"ihc-international-prospekt-traktoren-733-743-745s-und-maehdrescher","status":"publish","type":"product","link":"https:\/\/www.agraritaeten-shop.com\/en\/shop\/prospekte\/prospekte_ihc-international\/ihc-international-prospekt-traktoren-733-743-745s-und-maehdrescher\/","title":{"rendered":"IHC International Prospekt Pfl\u00fcge"},"content":{"rendered":"<h1><strong>original brochure<br \/>\n<\/strong><\/h1>\n<h2>IHC International Pfl\u00fcge<br \/>\nBeetpfl\u00fcge, Volldrehpfl\u00fcge, Winkeldrehpfl\u00fcge<\/h2>\n<ul>\n<li>approx. A4 Format<\/li>\n<li>Fold-out brochure with 6 pages<\/li>\n<li>German<\/li>\n<li>punched<\/li>\n<li>used<\/li>\n<li>barely to slightly worn but well-preserved<\/li>\n<li>100% original<\/li>\n<li>Print No.: <em>GER 606-P\/3<\/em><\/li>\n<\/ul>","protected":false},"excerpt":{"rendered":"<p>original Prospekt IHC International Pfl\u00fcge Beetpfl\u00fcge, Volldrehpfl\u00fcge, Winkeldrehpfl\u00fcge ca. A4 Format 6 Seiten ausklappbar Deutsch gelocht gebraucht minimal bis kaum abgegriffen, aber gut erhalten 100% original DruckNr. GER 606-P\/3<\/p>","protected":false},"featured_media":23832,"template":"","meta":[],"product_brand":[],"product_cat":[122,42,45],"product_tag":[185,187,369,186],"class_list":{"0":"post-23974","1":"product","2":"type-product","3":"status-publish","4":"has-post-thumbnail","6":"product_cat-prospekte_ihc-international","7":"product_cat-ihc_international","8":"product_cat-prospekte","9":"product_tag-ihc","10":"product_tag-international","11":"product_tag-pfluege","12":"product_tag-prospekt","14":"first","15":"instock","16":"shipping-taxable","17":"purchasable","18":"product-type-simple"},"_links":{"self":[{"href":"https:\/\/www.agraritaeten-shop.com\/en\/wp-json\/wp\/v2\/product\/23974","targetHints":{"allow":["GET"]}}],"collection":[{"href":"https:\/\/www.agraritaeten-shop.com\/en\/wp-json\/wp\/v2\/product"}],"about":[{"href":"https:\/\/www.agraritaeten-shop.com\/en\/wp-json\/wp\/v2\/types\/product"}],"wp:featuredmedia":[{"embeddable":true,"href":"https:\/\/www.agraritaeten-shop.com\/en\/wp-json\/wp\/v2\/media\/23832"}],"wp:attachment":[{"href":"https:\/\/www.agraritaeten-shop.com\/en\/wp-json\/wp\/v2\/media?parent=23974"}],"wp:term":[{"taxonomy":"product_brand","embeddable":true,"href":"https:\/\/www.agraritaeten-shop.com\/en\/wp-json\/wp\/v2\/product_brand?post=23974"},{"taxonomy":"product_cat","embeddable":true,"href":"https:\/\/www.agraritaeten-shop.com\/en\/wp-json\/wp\/v2\/product_cat?post=23974"},{"taxonomy":"product_tag","embeddable":true,"href":"https:\/\/www.agraritaeten-shop.com\/en\/wp-json\/wp\/v2\/product_tag?post=23974"}],"curies":[{"name":"wp","href":"https:\/\/api.w.org\/{rel}","templated":true}]}}