{"id":23975,"date":"2026-01-04T21:59:09","date_gmt":"2026-01-04T20:59:09","guid":{"rendered":"https:\/\/www.agraritaeten-shop.com\/?post_type=product&#038;p=23975"},"modified":"2026-02-27T18:34:30","modified_gmt":"2026-02-27T17:34:30","slug":"ihc-mccormick-prospekt-verkaufsprogramm","status":"publish","type":"product","link":"https:\/\/www.agraritaeten-shop.com\/en\/shop\/prospekte\/prospekte_ihc-international\/ihc-mccormick-prospekt-verkaufsprogramm\/","title":{"rendered":"IHC McCormick Prospekt Verkaufsprogramm"},"content":{"rendered":"<h1><strong>original brochure<br \/>\n<\/strong><\/h1>\n<h2>IHC McCormick Verkaufsprogramm<br \/>\n<span style=\"font-size: 75%;\">Schlepper: Standard, Farmall, Agriomatic<\/span><br \/>\n<span style=\"font-size: 75%;\">Raupenschlepper<\/span><br \/>\n<span style=\"font-size: 75%;\">Pressen, Frontlader, Bindem\u00e4her, Pfl\u00fcge, Grasm\u00e4her, Heurechen, Anbaum\u00e4her, Heuwender, Pick-up, D\u00fcngerstreuer,<br \/>\nM\u00e4hdrescher D8-62, D8-61<\/span><\/h2>\n<ul>\n<li>approx. A4 Format<\/li>\n<li>A4 format<\/li>\n<li>German<\/li>\n<li>punched<\/li>\n<li>creased<\/li>\n<li>used<\/li>\n<li>very good condition<\/li>\n<li>100% original<\/li>\n<li>Print No.: <em>GER 810-K<\/em><\/li>\n<\/ul>","protected":false},"excerpt":{"rendered":"<p>original Prospekt IHC McCormick Verkaufsprogramm Schlepper: Standard, Farmall, Agriomatic Raupenschlepper Pressen, Frontlader, Bindem\u00e4her, Pfl\u00fcge, Grasm\u00e4her, Heurechen, Anbaum\u00e4her, Heuwender, Pick-up, D\u00fcngerstreuer, M\u00e4hdrescher D8-62, D8-61 ca. A4 Format A4 Format Deutsch gelocht geknickt gebraucht sehr guter Zustand 100% original DruckNr. GER 810-K<\/p>","protected":false},"featured_media":23830,"template":"","meta":[],"product_brand":[],"product_cat":[122,42,138,82,45],"product_tag":[973,1911,265,210,527,480,971,2804,818,185,187,189,184,369,468,248,303,186,791,256,188,3333],"class_list":{"0":"post-23975","1":"product","2":"type-product","3":"status-publish","4":"has-post-thumbnail","6":"product_cat-prospekte_ihc-international","7":"product_cat-ihc_international","8":"product_cat-mccormick-prospekte","9":"product_cat-mccormick","10":"product_cat-prospekte","11":"product_tag-agriomatic","12":"product_tag-anbaumaeher","13":"product_tag-bindemaeher","14":"product_tag-duengerstreuer","15":"product_tag-farmall","16":"product_tag-frontlader","17":"product_tag-grasmaeher","18":"product_tag-heurechen","19":"product_tag-heuwender","20":"product_tag-ihc","21":"product_tag-international","22":"product_tag-maehdrescher","23":"product_tag-mccormick","24":"product_tag-pfluege","25":"product_tag-pick-up","26":"product_tag-pressen","27":"product_tag-programm","28":"product_tag-prospekt","29":"product_tag-raupenschlepper","30":"product_tag-schlepper","31":"product_tag-traktor","32":"product_tag-verkaufsprogramm","34":"first","35":"instock","36":"shipping-taxable","37":"purchasable","38":"product-type-simple"},"_links":{"self":[{"href":"https:\/\/www.agraritaeten-shop.com\/en\/wp-json\/wp\/v2\/product\/23975","targetHints":{"allow":["GET"]}}],"collection":[{"href":"https:\/\/www.agraritaeten-shop.com\/en\/wp-json\/wp\/v2\/product"}],"about":[{"href":"https:\/\/www.agraritaeten-shop.com\/en\/wp-json\/wp\/v2\/types\/product"}],"wp:featuredmedia":[{"embeddable":true,"href":"https:\/\/www.agraritaeten-shop.com\/en\/wp-json\/wp\/v2\/media\/23830"}],"wp:attachment":[{"href":"https:\/\/www.agraritaeten-shop.com\/en\/wp-json\/wp\/v2\/media?parent=23975"}],"wp:term":[{"taxonomy":"product_brand","embeddable":true,"href":"https:\/\/www.agraritaeten-shop.com\/en\/wp-json\/wp\/v2\/product_brand?post=23975"},{"taxonomy":"product_cat","embeddable":true,"href":"https:\/\/www.agraritaeten-shop.com\/en\/wp-json\/wp\/v2\/product_cat?post=23975"},{"taxonomy":"product_tag","embeddable":true,"href":"https:\/\/www.agraritaeten-shop.com\/en\/wp-json\/wp\/v2\/product_tag?post=23975"}],"curies":[{"name":"wp","href":"https:\/\/api.w.org\/{rel}","templated":true}]}}