{"id":23978,"date":"2026-01-04T22:34:46","date_gmt":"2026-01-04T21:34:46","guid":{"rendered":"https:\/\/www.agraritaeten-shop.com\/?post_type=product&#038;p=23978"},"modified":"2026-02-27T18:33:56","modified_gmt":"2026-02-27T17:33:56","slug":"ihc-mccormick-prospekt-heuernte-gutes-heu","status":"publish","type":"product","link":"https:\/\/www.agraritaeten-shop.com\/en\/shop\/prospekte\/prospekte_ihc-international\/ihc-mccormick-prospekt-heuernte-gutes-heu\/","title":{"rendered":"IHC McCormick Prospekt Heuernte &#8222;Gutes Heu&#8220;"},"content":{"rendered":"<h1><strong>original brochure<\/strong><\/h1>\n<h2>IHC McCormick Heuernte &#8222;Gutes Heu&#8220;<br \/>\n<span style=\"font-size: 75%;\">Gabelheuwender, Schwadenrechen, Pferderechen, Grasm\u00e4her, Anbaum\u00e4hwerk, Heulader<\/span><\/h2>\n<ul>\n<li>approx. 10cm x 20,5cm<\/li>\n<li>fold-out to 3 times its original size (A4)<\/li>\n<li>German<\/li>\n<li>punched<\/li>\n<li>used<\/li>\n<li>very good condition<\/li>\n<li>100% original<\/li>\n<li>Print No.: <em>GER u59-C<\/em><\/li>\n<li>Date Stamp: <em>Sept. 1953<\/em><\/li>\n<\/ul>","protected":false},"excerpt":{"rendered":"<p>original Prospekt IHC McCormick Heuernte &#8222;Gutes Heu&#8220; Gabelheuwender, Schwadenrechen, Pferderechen, Grasm\u00e4her, Anbaum\u00e4hwerk, Heulader ca. 10cm x 20,5cm ausklappbar zur 3fachen Gr\u00f6\u00dfe (A4) Deutsch gelocht gebraucht sehr guter Zustand 100% original DruckNr.: GER u59-C Datums-Stempel: Sept. 1953<\/p>","protected":false},"featured_media":23836,"template":"","meta":[],"product_brand":[],"product_cat":[122,42,138,82,45],"product_tag":[477,981,972,971,185,187,184,970,186,1637],"class_list":{"0":"post-23978","1":"product","2":"type-product","3":"status-publish","4":"has-post-thumbnail","6":"product_cat-prospekte_ihc-international","7":"product_cat-ihc_international","8":"product_cat-mccormick-prospekte","9":"product_cat-mccormick","10":"product_cat-prospekte","11":"product_tag-deering","12":"product_tag-gabelheuwender","13":"product_tag-gespann-grasmaeher","14":"product_tag-grasmaeher","15":"product_tag-ihc","16":"product_tag-international","17":"product_tag-mccormick","18":"product_tag-pferderechen","19":"product_tag-prospekt","20":"product_tag-schwadenrechen","22":"first","23":"instock","24":"shipping-taxable","25":"purchasable","26":"product-type-simple"},"_links":{"self":[{"href":"https:\/\/www.agraritaeten-shop.com\/en\/wp-json\/wp\/v2\/product\/23978","targetHints":{"allow":["GET"]}}],"collection":[{"href":"https:\/\/www.agraritaeten-shop.com\/en\/wp-json\/wp\/v2\/product"}],"about":[{"href":"https:\/\/www.agraritaeten-shop.com\/en\/wp-json\/wp\/v2\/types\/product"}],"wp:featuredmedia":[{"embeddable":true,"href":"https:\/\/www.agraritaeten-shop.com\/en\/wp-json\/wp\/v2\/media\/23836"}],"wp:attachment":[{"href":"https:\/\/www.agraritaeten-shop.com\/en\/wp-json\/wp\/v2\/media?parent=23978"}],"wp:term":[{"taxonomy":"product_brand","embeddable":true,"href":"https:\/\/www.agraritaeten-shop.com\/en\/wp-json\/wp\/v2\/product_brand?post=23978"},{"taxonomy":"product_cat","embeddable":true,"href":"https:\/\/www.agraritaeten-shop.com\/en\/wp-json\/wp\/v2\/product_cat?post=23978"},{"taxonomy":"product_tag","embeddable":true,"href":"https:\/\/www.agraritaeten-shop.com\/en\/wp-json\/wp\/v2\/product_tag?post=23978"}],"curies":[{"name":"wp","href":"https:\/\/api.w.org\/{rel}","templated":true}]}}