{"id":23979,"date":"2026-02-15T22:55:28","date_gmt":"2026-02-15T21:55:28","guid":{"rendered":"https:\/\/www.agraritaeten-shop.com\/?post_type=product&#038;p=23979"},"modified":"2026-02-25T17:45:46","modified_gmt":"2026-02-25T16:45:46","slug":"ihc-mccormick-prospekt-heuerntemaschinen","status":"publish","type":"product","link":"https:\/\/www.agraritaeten-shop.com\/en\/shop\/prospekte\/prospekte_ihc-international\/ihc-mccormick-prospekt-heuerntemaschinen\/","title":{"rendered":"IHC McCormick Prospekt Heuerntemaschinen"},"content":{"rendered":"<h1><strong>original brochure<\/strong><\/h1>\n<h2>IHC McCormick Heuerntemaschinen<br \/>\n<span style=\"font-size: 75%;\">Gabelheuwender, Heulader, Heurechen, Anbaum\u00e4her, Grasm\u00e4her, Schwadenrechen, Feldh\u00e4cksler<\/span><\/h2>\n<ul>\n<li>A5 landscape format<\/li>\n<li>double-folded, expandable to A3 size<\/li>\n<li>German<\/li>\n<li>punched multiple times<\/li>\n<li>used<\/li>\n<li>slightly worn, but well-preserved for its age<\/li>\n<li>100% original<\/li>\n<li>Print No.: <em>GER 141-E<\/em><\/li>\n<\/ul>","protected":false},"excerpt":{"rendered":"<p>original Prospekt IHC McCormick Heuerntemaschinen Gabelheuwender, Heulader, Heurechen, Anbaum\u00e4her, Grasm\u00e4her, Schwadenrechen, Feldh\u00e4cksler A5 Querformat ausklappbar zur 4fachen Gr\u00f6\u00dfe (A3) Deutsch mehrmals gelocht gebraucht etwas abgegriffen, dem Alter entsprechend aber gut erhalten 100% original DruckNr.: GER 141-E<\/p>","protected":false},"featured_media":23871,"template":"","meta":[],"product_brand":[],"product_cat":[122,42,138,82,45],"product_tag":[1911,445,981,971,1677,2578,2804,185,187,184,186,1637],"class_list":{"0":"post-23979","1":"product","2":"type-product","3":"status-publish","4":"has-post-thumbnail","6":"product_cat-prospekte_ihc-international","7":"product_cat-ihc_international","8":"product_cat-mccormick-prospekte","9":"product_cat-mccormick","10":"product_cat-prospekte","11":"product_tag-anbaumaeher","12":"product_tag-feldhaecksler","13":"product_tag-gabelheuwender","14":"product_tag-grasmaeher","15":"product_tag-heuernte","16":"product_tag-heulader","17":"product_tag-heurechen","18":"product_tag-ihc","19":"product_tag-international","20":"product_tag-mccormick","21":"product_tag-prospekt","22":"product_tag-schwadenrechen","24":"first","25":"instock","26":"shipping-taxable","27":"purchasable","28":"product-type-simple"},"_links":{"self":[{"href":"https:\/\/www.agraritaeten-shop.com\/en\/wp-json\/wp\/v2\/product\/23979","targetHints":{"allow":["GET"]}}],"collection":[{"href":"https:\/\/www.agraritaeten-shop.com\/en\/wp-json\/wp\/v2\/product"}],"about":[{"href":"https:\/\/www.agraritaeten-shop.com\/en\/wp-json\/wp\/v2\/types\/product"}],"wp:featuredmedia":[{"embeddable":true,"href":"https:\/\/www.agraritaeten-shop.com\/en\/wp-json\/wp\/v2\/media\/23871"}],"wp:attachment":[{"href":"https:\/\/www.agraritaeten-shop.com\/en\/wp-json\/wp\/v2\/media?parent=23979"}],"wp:term":[{"taxonomy":"product_brand","embeddable":true,"href":"https:\/\/www.agraritaeten-shop.com\/en\/wp-json\/wp\/v2\/product_brand?post=23979"},{"taxonomy":"product_cat","embeddable":true,"href":"https:\/\/www.agraritaeten-shop.com\/en\/wp-json\/wp\/v2\/product_cat?post=23979"},{"taxonomy":"product_tag","embeddable":true,"href":"https:\/\/www.agraritaeten-shop.com\/en\/wp-json\/wp\/v2\/product_tag?post=23979"}],"curies":[{"name":"wp","href":"https:\/\/api.w.org\/{rel}","templated":true}]}}